{"id":31228,"date":"2019-06-25T20:06:56","date_gmt":"2019-06-25T18:06:56","guid":{"rendered":"https:\/\/www.pure-drink.com\/al\/?page_id=31228"},"modified":"2020-03-10T12:06:43","modified_gmt":"2020-03-10T11:06:43","slug":"message-sent","status":"publish","type":"page","link":"https:\/\/www.pure-drink.com\/al\/message-sent\/","title":{"rendered":"Message sent"},"content":{"rendered":"<div class=\"wpb-content-wrapper\">[vc_row css_animation=&#8221;&#8221; row_type=&#8221;row&#8221; use_row_as_full_screen_section=&#8221;no&#8221; type=&#8221;full_width&#8221; angled_section=&#8221;no&#8221; text_align=&#8221;left&#8221; background_image_as_pattern=&#8221;without_pattern&#8221;][vc_column][vc_column_text]\n<h1><strong>Faleminderit!!<\/strong><\/h1>\n<p>Mesazhi juaj \u00ebsht\u00eb d\u00ebrguar me sukses![\/vc_column_text][\/vc_column][\/vc_row]\n<\/div>","protected":false},"excerpt":{"rendered":"<p>[vc_row css_animation=&#8221;&#8221; row_type=&#8221;row&#8221; use_row_as_full_screen_section=&#8221;no&#8221; type=&#8221;full_width&#8221; angled_section=&#8221;no&#8221; text_align=&#8221;left&#8221; background_image_as_pattern=&#8221;without_pattern&#8221;][vc_column][vc_column_text] Faleminderit!! Mesazhi juaj \u00ebsht\u00eb d\u00ebrguar me sukses![\/vc_column_text][\/vc_column][\/vc_row]<\/p>\n","protected":false},"author":1,"featured_media":0,"parent":0,"menu_order":0,"comment_status":"closed","ping_status":"closed","template":"","meta":{"_exactmetrics_skip_tracking":false,"_exactmetrics_sitenote_active":false,"_exactmetrics_sitenote_note":"","_exactmetrics_sitenote_category":0,"footnotes":""},"class_list":["post-31228","page","type-page","status-publish","hentry"],"yoast_head":"<!-- This site is optimized with the Yoast SEO plugin v27.3 - https:\/\/yoast.com\/product\/yoast-seo-wordpress\/ -->\n<title>Message sent - PURE Energy Drink | Shqip\u00ebri<\/title>\n<meta name=\"robots\" content=\"index, follow, max-snippet:-1, max-image-preview:large, max-video-preview:-1\" \/>\n<link rel=\"canonical\" href=\"https:\/\/www.pure-drink.com\/al\/message-sent\/\" \/>\n<meta property=\"og:locale\" content=\"sq_AL\" \/>\n<meta property=\"og:type\" content=\"article\" \/>\n<meta property=\"og:title\" content=\"Message sent - PURE Energy Drink | Shqip\u00ebri\" \/>\n<meta property=\"og:description\" content=\"[vc_row css_animation=&#8221;&#8221; row_type=&#8221;row&#8221; use_row_as_full_screen_section=&#8221;no&#8221; type=&#8221;full_width&#8221; angled_section=&#8221;no&#8221; text_align=&#8221;left&#8221; background_image_as_pattern=&#8221;without_pattern&#8221;][vc_column][vc_column_text] Faleminderit!! Mesazhi juaj \u00ebsht\u00eb d\u00ebrguar me sukses![\/vc_column_text][\/vc_column][\/vc_row]\" \/>\n<meta property=\"og:url\" content=\"https:\/\/www.pure-drink.com\/al\/message-sent\/\" \/>\n<meta property=\"og:site_name\" content=\"PURE Energy Drink | Shqip\u00ebri\" \/>\n<meta property=\"article:publisher\" content=\"https:\/\/www.facebook.com\/PURE.DRINK.ALBANIA\/\" \/>\n<meta property=\"article:modified_time\" content=\"2020-03-10T11:06:43+00:00\" \/>\n<meta name=\"twitter:card\" content=\"summary_large_image\" \/>\n<script type=\"application\/ld+json\" class=\"yoast-schema-graph\">{\"@context\":\"https:\\\/\\\/schema.org\",\"@graph\":[{\"@type\":\"WebPage\",\"@id\":\"https:\\\/\\\/www.pure-drink.com\\\/al\\\/message-sent\\\/\",\"url\":\"https:\\\/\\\/www.pure-drink.com\\\/al\\\/message-sent\\\/\",\"name\":\"Message sent - PURE Energy Drink | Shqip\u00ebri\",\"isPartOf\":{\"@id\":\"https:\\\/\\\/www.pure-drink.com\\\/al\\\/#website\"},\"datePublished\":\"2019-06-25T18:06:56+00:00\",\"dateModified\":\"2020-03-10T11:06:43+00:00\",\"breadcrumb\":{\"@id\":\"https:\\\/\\\/www.pure-drink.com\\\/al\\\/message-sent\\\/#breadcrumb\"},\"inLanguage\":\"sq\",\"potentialAction\":[{\"@type\":\"ReadAction\",\"target\":[\"https:\\\/\\\/www.pure-drink.com\\\/al\\\/message-sent\\\/\"]}]},{\"@type\":\"BreadcrumbList\",\"@id\":\"https:\\\/\\\/www.pure-drink.com\\\/al\\\/message-sent\\\/#breadcrumb\",\"itemListElement\":[{\"@type\":\"ListItem\",\"position\":1,\"name\":\"Startseite\",\"item\":\"https:\\\/\\\/www.pure-drink.com\\\/al\\\/\"},{\"@type\":\"ListItem\",\"position\":2,\"name\":\"Message sent\"}]},{\"@type\":\"WebSite\",\"@id\":\"https:\\\/\\\/www.pure-drink.com\\\/al\\\/#website\",\"url\":\"https:\\\/\\\/www.pure-drink.com\\\/al\\\/\",\"name\":\"PURE Energy Drink | Shqip\u00ebri\",\"description\":\"Pije energji kristal\",\"publisher\":{\"@id\":\"https:\\\/\\\/www.pure-drink.com\\\/al\\\/#organization\"},\"potentialAction\":[{\"@type\":\"SearchAction\",\"target\":{\"@type\":\"EntryPoint\",\"urlTemplate\":\"https:\\\/\\\/www.pure-drink.com\\\/al\\\/?s={search_term_string}\"},\"query-input\":{\"@type\":\"PropertyValueSpecification\",\"valueRequired\":true,\"valueName\":\"search_term_string\"}}],\"inLanguage\":\"sq\"},{\"@type\":\"Organization\",\"@id\":\"https:\\\/\\\/www.pure-drink.com\\\/al\\\/#organization\",\"name\":\"PURE Energy Drink - Albania\",\"url\":\"https:\\\/\\\/www.pure-drink.com\\\/al\\\/\",\"logo\":{\"@type\":\"ImageObject\",\"inLanguage\":\"sq\",\"@id\":\"https:\\\/\\\/www.pure-drink.com\\\/al\\\/#\\\/schema\\\/logo\\\/image\\\/\",\"url\":\"https:\\\/\\\/www.pure-drink.com\\\/al\\\/wp-content\\\/uploads\\\/sites\\\/10\\\/2020\\\/02\\\/Logo_PURE_Energy_web_65px.png\",\"contentUrl\":\"https:\\\/\\\/www.pure-drink.com\\\/al\\\/wp-content\\\/uploads\\\/sites\\\/10\\\/2020\\\/02\\\/Logo_PURE_Energy_web_65px.png\",\"width\":215,\"height\":65,\"caption\":\"PURE Energy Drink - Albania\"},\"image\":{\"@id\":\"https:\\\/\\\/www.pure-drink.com\\\/al\\\/#\\\/schema\\\/logo\\\/image\\\/\"},\"sameAs\":[\"https:\\\/\\\/www.facebook.com\\\/PURE.DRINK.ALBANIA\\\/\",\"https:\\\/\\\/www.instagram.com\\\/pure_drink_albania\\\/\"]}]}<\/script>\n<!-- \/ Yoast SEO plugin. -->","yoast_head_json":{"title":"Message sent - PURE Energy Drink | Shqip\u00ebri","robots":{"index":"index","follow":"follow","max-snippet":"max-snippet:-1","max-image-preview":"max-image-preview:large","max-video-preview":"max-video-preview:-1"},"canonical":"https:\/\/www.pure-drink.com\/al\/message-sent\/","og_locale":"sq_AL","og_type":"article","og_title":"Message sent - PURE Energy Drink | Shqip\u00ebri","og_description":"[vc_row css_animation=&#8221;&#8221; row_type=&#8221;row&#8221; use_row_as_full_screen_section=&#8221;no&#8221; type=&#8221;full_width&#8221; angled_section=&#8221;no&#8221; text_align=&#8221;left&#8221; background_image_as_pattern=&#8221;without_pattern&#8221;][vc_column][vc_column_text] Faleminderit!! Mesazhi juaj \u00ebsht\u00eb d\u00ebrguar me sukses![\/vc_column_text][\/vc_column][\/vc_row]","og_url":"https:\/\/www.pure-drink.com\/al\/message-sent\/","og_site_name":"PURE Energy Drink | Shqip\u00ebri","article_publisher":"https:\/\/www.facebook.com\/PURE.DRINK.ALBANIA\/","article_modified_time":"2020-03-10T11:06:43+00:00","twitter_card":"summary_large_image","schema":{"@context":"https:\/\/schema.org","@graph":[{"@type":"WebPage","@id":"https:\/\/www.pure-drink.com\/al\/message-sent\/","url":"https:\/\/www.pure-drink.com\/al\/message-sent\/","name":"Message sent - PURE Energy Drink | Shqip\u00ebri","isPartOf":{"@id":"https:\/\/www.pure-drink.com\/al\/#website"},"datePublished":"2019-06-25T18:06:56+00:00","dateModified":"2020-03-10T11:06:43+00:00","breadcrumb":{"@id":"https:\/\/www.pure-drink.com\/al\/message-sent\/#breadcrumb"},"inLanguage":"sq","potentialAction":[{"@type":"ReadAction","target":["https:\/\/www.pure-drink.com\/al\/message-sent\/"]}]},{"@type":"BreadcrumbList","@id":"https:\/\/www.pure-drink.com\/al\/message-sent\/#breadcrumb","itemListElement":[{"@type":"ListItem","position":1,"name":"Startseite","item":"https:\/\/www.pure-drink.com\/al\/"},{"@type":"ListItem","position":2,"name":"Message sent"}]},{"@type":"WebSite","@id":"https:\/\/www.pure-drink.com\/al\/#website","url":"https:\/\/www.pure-drink.com\/al\/","name":"PURE Energy Drink | Shqip\u00ebri","description":"Pije energji kristal","publisher":{"@id":"https:\/\/www.pure-drink.com\/al\/#organization"},"potentialAction":[{"@type":"SearchAction","target":{"@type":"EntryPoint","urlTemplate":"https:\/\/www.pure-drink.com\/al\/?s={search_term_string}"},"query-input":{"@type":"PropertyValueSpecification","valueRequired":true,"valueName":"search_term_string"}}],"inLanguage":"sq"},{"@type":"Organization","@id":"https:\/\/www.pure-drink.com\/al\/#organization","name":"PURE Energy Drink - Albania","url":"https:\/\/www.pure-drink.com\/al\/","logo":{"@type":"ImageObject","inLanguage":"sq","@id":"https:\/\/www.pure-drink.com\/al\/#\/schema\/logo\/image\/","url":"https:\/\/www.pure-drink.com\/al\/wp-content\/uploads\/sites\/10\/2020\/02\/Logo_PURE_Energy_web_65px.png","contentUrl":"https:\/\/www.pure-drink.com\/al\/wp-content\/uploads\/sites\/10\/2020\/02\/Logo_PURE_Energy_web_65px.png","width":215,"height":65,"caption":"PURE Energy Drink - Albania"},"image":{"@id":"https:\/\/www.pure-drink.com\/al\/#\/schema\/logo\/image\/"},"sameAs":["https:\/\/www.facebook.com\/PURE.DRINK.ALBANIA\/","https:\/\/www.instagram.com\/pure_drink_albania\/"]}]}},"jetpack_sharing_enabled":true,"_links":{"self":[{"href":"https:\/\/www.pure-drink.com\/al\/wp-json\/wp\/v2\/pages\/31228","targetHints":{"allow":["GET"]}}],"collection":[{"href":"https:\/\/www.pure-drink.com\/al\/wp-json\/wp\/v2\/pages"}],"about":[{"href":"https:\/\/www.pure-drink.com\/al\/wp-json\/wp\/v2\/types\/page"}],"author":[{"embeddable":true,"href":"https:\/\/www.pure-drink.com\/al\/wp-json\/wp\/v2\/users\/1"}],"replies":[{"embeddable":true,"href":"https:\/\/www.pure-drink.com\/al\/wp-json\/wp\/v2\/comments?post=31228"}],"version-history":[{"count":0,"href":"https:\/\/www.pure-drink.com\/al\/wp-json\/wp\/v2\/pages\/31228\/revisions"}],"wp:attachment":[{"href":"https:\/\/www.pure-drink.com\/al\/wp-json\/wp\/v2\/media?parent=31228"}],"curies":[{"name":"wp","href":"https:\/\/api.w.org\/{rel}","templated":true}]}}