{"id":48425,"date":"2021-03-10T18:19:20","date_gmt":"2021-03-10T17:19:20","guid":{"rendered":"https:\/\/www.pure-drink.com\/al\/haftungsausschluss\/"},"modified":"2022-02-01T16:47:35","modified_gmt":"2022-02-01T15:47:35","slug":"mohimi-i-pergjegjesise","status":"publish","type":"page","link":"https:\/\/www.pure-drink.com\/al\/mohimi-i-pergjegjesise\/","title":{"rendered":"Mohimi i p\u00ebrgjegj\u00ebsis\u00eb"},"content":{"rendered":"[cmplz-document type=&#8221;disclaimer&#8221; region=&#8221;all&#8221;]\n","protected":false},"excerpt":{"rendered":"<p>[cmplz-document type=&#8221;disclaimer&#8221; region=&#8221;all&#8221;]<\/p>\n","protected":false},"author":1,"featured_media":0,"parent":0,"menu_order":0,"comment_status":"closed","ping_status":"closed","template":"","meta":{"_exactmetrics_skip_tracking":false,"_exactmetrics_sitenote_active":false,"_exactmetrics_sitenote_note":"","_exactmetrics_sitenote_category":0,"footnotes":""},"class_list":["post-48425","page","type-page","status-publish","hentry"],"yoast_head":"<!-- This site is optimized with the Yoast SEO plugin v27.3 - https:\/\/yoast.com\/product\/yoast-seo-wordpress\/ -->\n<title>Mohimi i p\u00ebrgjegj\u00ebsis\u00eb - PURE Energy Drink | Shqip\u00ebri<\/title>\n<meta name=\"robots\" content=\"index, follow, max-snippet:-1, max-image-preview:large, max-video-preview:-1\" \/>\n<link rel=\"canonical\" href=\"https:\/\/www.pure-drink.com\/al\/mohimi-i-pergjegjesise\/\" \/>\n<meta property=\"og:locale\" content=\"sq_AL\" \/>\n<meta property=\"og:type\" content=\"article\" \/>\n<meta property=\"og:title\" content=\"Mohimi i p\u00ebrgjegj\u00ebsis\u00eb - PURE Energy Drink | Shqip\u00ebri\" \/>\n<meta property=\"og:description\" content=\"[cmplz-document type=&#8221;disclaimer&#8221; region=&#8221;all&#8221;]\" \/>\n<meta property=\"og:url\" content=\"https:\/\/www.pure-drink.com\/al\/mohimi-i-pergjegjesise\/\" \/>\n<meta property=\"og:site_name\" content=\"PURE Energy Drink | Shqip\u00ebri\" \/>\n<meta property=\"article:publisher\" content=\"https:\/\/www.facebook.com\/PURE.DRINK.ALBANIA\/\" \/>\n<meta property=\"article:modified_time\" content=\"2022-02-01T15:47:35+00:00\" \/>\n<meta name=\"twitter:card\" content=\"summary_large_image\" \/>\n<script type=\"application\/ld+json\" class=\"yoast-schema-graph\">{\"@context\":\"https:\\\/\\\/schema.org\",\"@graph\":[{\"@type\":\"WebPage\",\"@id\":\"https:\\\/\\\/www.pure-drink.com\\\/al\\\/mohimi-i-pergjegjesise\\\/\",\"url\":\"https:\\\/\\\/www.pure-drink.com\\\/al\\\/mohimi-i-pergjegjesise\\\/\",\"name\":\"Mohimi i p\u00ebrgjegj\u00ebsis\u00eb - PURE Energy Drink | Shqip\u00ebri\",\"isPartOf\":{\"@id\":\"https:\\\/\\\/www.pure-drink.com\\\/al\\\/#website\"},\"datePublished\":\"2021-03-10T17:19:20+00:00\",\"dateModified\":\"2022-02-01T15:47:35+00:00\",\"breadcrumb\":{\"@id\":\"https:\\\/\\\/www.pure-drink.com\\\/al\\\/mohimi-i-pergjegjesise\\\/#breadcrumb\"},\"inLanguage\":\"sq\",\"potentialAction\":[{\"@type\":\"ReadAction\",\"target\":[\"https:\\\/\\\/www.pure-drink.com\\\/al\\\/mohimi-i-pergjegjesise\\\/\"]}]},{\"@type\":\"BreadcrumbList\",\"@id\":\"https:\\\/\\\/www.pure-drink.com\\\/al\\\/mohimi-i-pergjegjesise\\\/#breadcrumb\",\"itemListElement\":[{\"@type\":\"ListItem\",\"position\":1,\"name\":\"Startseite\",\"item\":\"https:\\\/\\\/www.pure-drink.com\\\/al\\\/\"},{\"@type\":\"ListItem\",\"position\":2,\"name\":\"Mohimi i p\u00ebrgjegj\u00ebsis\u00eb\"}]},{\"@type\":\"WebSite\",\"@id\":\"https:\\\/\\\/www.pure-drink.com\\\/al\\\/#website\",\"url\":\"https:\\\/\\\/www.pure-drink.com\\\/al\\\/\",\"name\":\"PURE Energy Drink | Shqip\u00ebri\",\"description\":\"Pije energji kristal\",\"publisher\":{\"@id\":\"https:\\\/\\\/www.pure-drink.com\\\/al\\\/#organization\"},\"potentialAction\":[{\"@type\":\"SearchAction\",\"target\":{\"@type\":\"EntryPoint\",\"urlTemplate\":\"https:\\\/\\\/www.pure-drink.com\\\/al\\\/?s={search_term_string}\"},\"query-input\":{\"@type\":\"PropertyValueSpecification\",\"valueRequired\":true,\"valueName\":\"search_term_string\"}}],\"inLanguage\":\"sq\"},{\"@type\":\"Organization\",\"@id\":\"https:\\\/\\\/www.pure-drink.com\\\/al\\\/#organization\",\"name\":\"PURE Energy Drink - Albania\",\"url\":\"https:\\\/\\\/www.pure-drink.com\\\/al\\\/\",\"logo\":{\"@type\":\"ImageObject\",\"inLanguage\":\"sq\",\"@id\":\"https:\\\/\\\/www.pure-drink.com\\\/al\\\/#\\\/schema\\\/logo\\\/image\\\/\",\"url\":\"https:\\\/\\\/www.pure-drink.com\\\/al\\\/wp-content\\\/uploads\\\/sites\\\/10\\\/2020\\\/02\\\/Logo_PURE_Energy_web_65px.png\",\"contentUrl\":\"https:\\\/\\\/www.pure-drink.com\\\/al\\\/wp-content\\\/uploads\\\/sites\\\/10\\\/2020\\\/02\\\/Logo_PURE_Energy_web_65px.png\",\"width\":215,\"height\":65,\"caption\":\"PURE Energy Drink - Albania\"},\"image\":{\"@id\":\"https:\\\/\\\/www.pure-drink.com\\\/al\\\/#\\\/schema\\\/logo\\\/image\\\/\"},\"sameAs\":[\"https:\\\/\\\/www.facebook.com\\\/PURE.DRINK.ALBANIA\\\/\",\"https:\\\/\\\/www.instagram.com\\\/pure_drink_albania\\\/\"]}]}<\/script>\n<!-- \/ Yoast SEO plugin. -->","yoast_head_json":{"title":"Mohimi i p\u00ebrgjegj\u00ebsis\u00eb - PURE Energy Drink | Shqip\u00ebri","robots":{"index":"index","follow":"follow","max-snippet":"max-snippet:-1","max-image-preview":"max-image-preview:large","max-video-preview":"max-video-preview:-1"},"canonical":"https:\/\/www.pure-drink.com\/al\/mohimi-i-pergjegjesise\/","og_locale":"sq_AL","og_type":"article","og_title":"Mohimi i p\u00ebrgjegj\u00ebsis\u00eb - PURE Energy Drink | Shqip\u00ebri","og_description":"[cmplz-document type=&#8221;disclaimer&#8221; region=&#8221;all&#8221;]","og_url":"https:\/\/www.pure-drink.com\/al\/mohimi-i-pergjegjesise\/","og_site_name":"PURE Energy Drink | Shqip\u00ebri","article_publisher":"https:\/\/www.facebook.com\/PURE.DRINK.ALBANIA\/","article_modified_time":"2022-02-01T15:47:35+00:00","twitter_card":"summary_large_image","schema":{"@context":"https:\/\/schema.org","@graph":[{"@type":"WebPage","@id":"https:\/\/www.pure-drink.com\/al\/mohimi-i-pergjegjesise\/","url":"https:\/\/www.pure-drink.com\/al\/mohimi-i-pergjegjesise\/","name":"Mohimi i p\u00ebrgjegj\u00ebsis\u00eb - PURE Energy Drink | Shqip\u00ebri","isPartOf":{"@id":"https:\/\/www.pure-drink.com\/al\/#website"},"datePublished":"2021-03-10T17:19:20+00:00","dateModified":"2022-02-01T15:47:35+00:00","breadcrumb":{"@id":"https:\/\/www.pure-drink.com\/al\/mohimi-i-pergjegjesise\/#breadcrumb"},"inLanguage":"sq","potentialAction":[{"@type":"ReadAction","target":["https:\/\/www.pure-drink.com\/al\/mohimi-i-pergjegjesise\/"]}]},{"@type":"BreadcrumbList","@id":"https:\/\/www.pure-drink.com\/al\/mohimi-i-pergjegjesise\/#breadcrumb","itemListElement":[{"@type":"ListItem","position":1,"name":"Startseite","item":"https:\/\/www.pure-drink.com\/al\/"},{"@type":"ListItem","position":2,"name":"Mohimi i p\u00ebrgjegj\u00ebsis\u00eb"}]},{"@type":"WebSite","@id":"https:\/\/www.pure-drink.com\/al\/#website","url":"https:\/\/www.pure-drink.com\/al\/","name":"PURE Energy Drink | Shqip\u00ebri","description":"Pije energji kristal","publisher":{"@id":"https:\/\/www.pure-drink.com\/al\/#organization"},"potentialAction":[{"@type":"SearchAction","target":{"@type":"EntryPoint","urlTemplate":"https:\/\/www.pure-drink.com\/al\/?s={search_term_string}"},"query-input":{"@type":"PropertyValueSpecification","valueRequired":true,"valueName":"search_term_string"}}],"inLanguage":"sq"},{"@type":"Organization","@id":"https:\/\/www.pure-drink.com\/al\/#organization","name":"PURE Energy Drink - Albania","url":"https:\/\/www.pure-drink.com\/al\/","logo":{"@type":"ImageObject","inLanguage":"sq","@id":"https:\/\/www.pure-drink.com\/al\/#\/schema\/logo\/image\/","url":"https:\/\/www.pure-drink.com\/al\/wp-content\/uploads\/sites\/10\/2020\/02\/Logo_PURE_Energy_web_65px.png","contentUrl":"https:\/\/www.pure-drink.com\/al\/wp-content\/uploads\/sites\/10\/2020\/02\/Logo_PURE_Energy_web_65px.png","width":215,"height":65,"caption":"PURE Energy Drink - Albania"},"image":{"@id":"https:\/\/www.pure-drink.com\/al\/#\/schema\/logo\/image\/"},"sameAs":["https:\/\/www.facebook.com\/PURE.DRINK.ALBANIA\/","https:\/\/www.instagram.com\/pure_drink_albania\/"]}]}},"jetpack_sharing_enabled":true,"_links":{"self":[{"href":"https:\/\/www.pure-drink.com\/al\/wp-json\/wp\/v2\/pages\/48425","targetHints":{"allow":["GET"]}}],"collection":[{"href":"https:\/\/www.pure-drink.com\/al\/wp-json\/wp\/v2\/pages"}],"about":[{"href":"https:\/\/www.pure-drink.com\/al\/wp-json\/wp\/v2\/types\/page"}],"author":[{"embeddable":true,"href":"https:\/\/www.pure-drink.com\/al\/wp-json\/wp\/v2\/users\/1"}],"replies":[{"embeddable":true,"href":"https:\/\/www.pure-drink.com\/al\/wp-json\/wp\/v2\/comments?post=48425"}],"version-history":[{"count":1,"href":"https:\/\/www.pure-drink.com\/al\/wp-json\/wp\/v2\/pages\/48425\/revisions"}],"predecessor-version":[{"id":48543,"href":"https:\/\/www.pure-drink.com\/al\/wp-json\/wp\/v2\/pages\/48425\/revisions\/48543"}],"wp:attachment":[{"href":"https:\/\/www.pure-drink.com\/al\/wp-json\/wp\/v2\/media?parent=48425"}],"curies":[{"name":"wp","href":"https:\/\/api.w.org\/{rel}","templated":true}]}}