{"id":40225,"date":"2019-10-19T14:04:53","date_gmt":"2019-10-19T12:04:53","guid":{"rendered":"https:\/\/www.pure-drink.com\/girls\/?page_id=40225"},"modified":"2020-02-29T17:56:51","modified_gmt":"2020-02-29T16:56:51","slug":"teilnahmebedingungen-gewinnspiel","status":"publish","type":"page","link":"https:\/\/www.pure-drink.com\/girls\/teilnahmebedingungen-gewinnspiel\/","title":{"rendered":"Teilnahmebedingungen &#8211; Gewinnspiel"},"content":{"rendered":"<div class=\"wpb-content-wrapper\">[vc_row css_animation=&#8220;&#8220; row_type=&#8220;row&#8220; use_row_as_full_screen_section=&#8220;no&#8220; type=&#8220;full_width&#8220; angled_section=&#8220;no&#8220; text_align=&#8220;left&#8220; background_image_as_pattern=&#8220;without_pattern&#8220;][vc_column][vc_column_text]\n<h1><strong>Teilnahmebedingungen<br \/>\n<\/strong><strong>Gewinnspiel Motorshow Essen 2019<\/strong><\/h1>\n<p>&nbsp;<\/p>\n<ul>\n<li><strong> 1 &#8211; Geltungsbereich<\/strong><\/li>\n<\/ul>\n<p>Die nachfolgenden Teilnahmebedingungen in der zum Vertragsschluss geltenden aktuellen Fassung sind die Grundlage der Gesch\u00e4ftsbeziehung zwischen dem Teilnehmer auf der Motorshow in Essen 2019 und der PURE Energy Getr\u00e4nke GmbH \u2013 sp\u00e4ter nur PURE genannt. Eine Anmeldung am Gewinnspiel ist nur unter Einbeziehung der Teilnahmebedingungen m\u00f6glich.<\/p>\n<p>&nbsp;<\/p>\n<ul>\n<li><strong> 2 &#8211; Teilnahmevoraussetzungen<\/strong><\/li>\n<\/ul>\n<p>Zur wirksamen Anmeldung bei PURE ist ein Mindestalter von 18 Jahren und eine eigene Email-Adresse erforderlich, die den Empfang von Emails des Gewinnspiel-Service und Informationsservice von PURE und dessen Messepartner\/Gewinnspielpartner\/Gewinnspielverloser erm\u00f6glicht. Der Teilnehmer wird zu diesem Zwecke die Einstellung seiner Email-Adresse \u00fcberpr\u00fcfen und einen Empfang der Emails von PURE und dessen Messepartner\/Gewinnspielpartner\/Gewinnspielverloser sicherstellen. Ferner hat der Teilnehmer das Anmeldeformular vollst\u00e4ndig und inhaltlich richtig auszuf\u00fcllen, da bei unvollst\u00e4ndigen oder falschen Anmeldedaten des Teilnehmers eine korrekte Anmeldung bei den Gewinnspielen durch PURE nicht erfolgen kann.<\/p>\n<p>Au\u00dferdem verpflichtet sich der Teilnehmer in seinem eigenen Interesse, seine Daten (wie insbesondere seine Anschrift, seine Email-Adresse,\u2026) selbst\u00e4ndig auf deren Richtigkeit zu \u00fcberpr\u00fcfen. Die PURE Energy Getr\u00e4nke GmbH haftet nicht f\u00fcr Nachteile, die dem Teilnehmer durch die Nichtbeachtung dieser Verpflichtung entstanden sind.<\/p>\n<p>Bei erfolgreicher Durchf\u00fchrung des Anmeldevorganges, durch Absenden des Anmeldeformulars, erh\u00e4lt der Teilnehmer eine Anmeldebest\u00e4tigung angezeigt, die den erfolgreichen Anmeldevorgang und somit die Teilnahme am Gewinnspiel best\u00e4tigt.<\/p>\n<p>&nbsp;<\/p>\n<ul>\n<li><strong> 3 &#8211; Leistungsumfang<\/strong><\/li>\n<\/ul>\n<p>Mit erfolgreicher Anmeldung bei diesem Gewinnspiel beauftragt der Teilnehmer die PURE Energy Getr\u00e4nke GmbH, ihn mit seinen Daten zur Teilnahme an dem Gewinnspiel sowie im Newsletter von PURE Energy Getr\u00e4nke GmbH und deren Messepartner\/Gewinnspielpartner\/Gewinnspielverloser anzumelden. Die Daten vom Teilnehmer d\u00fcrfen von PURE Energy Getr\u00e4nke GmbH gespeichert, verarbeitet und weiterverwendet werden.<\/p>\n<p>Die PURE Energy Getr\u00e4nke GmbH w\u00e4hlt hierzu jeweils einen Gewinner pro ausgeschriebenen Gewinn bis zum 31.03.2020.<\/p>\n<p>Die Kommunikation zwischen der PURE Energy Getr\u00e4nke GmbH, dessen Messepartner\/Gewinnspielpartner\/Gewinnspielverloser und dem Teilnehmer erfolgt per Email. Soweit dies dem Teilnehmer nicht m\u00f6glich ist, kann dieser sich auch schriftlich an die PURE Energy Getr\u00e4nke GmbH unter obiger Anschrift wenden. Es erfolgt keine Versendung von Informationspost. Informationen werden ausschlie\u00dflich per E-Mail versandt.<\/p>\n<p>&nbsp;<\/p>\n<ul>\n<li><strong> 4 &#8211; Verg\u00fctung \/ Leistungsbeginn<\/strong><\/li>\n<\/ul>\n<p>Die Teilnahme am Gewinnspiel ist kostenfrei.<\/p>\n<p>&nbsp;<\/p>\n<ul>\n<li><strong> 5 &#8211; Gewinnaussch\u00fcttung<\/strong><\/li>\n<\/ul>\n<p>Die PURE Energy Getr\u00e4nke GmbH w\u00e4hlt jeweils einen Gewinner pro ausgeschriebenen Gewinn bis zum 31.03.2020 &#8211; haftet jedoch nicht f\u00fcr die tats\u00e4chliche Gewinnausspielung deren Messepartner\/Gewinnspielpartner\/Gewinnspielverloser und kann keine Gewinngarantie f\u00fcr Fremdanbieter abgeben.<\/p>\n<p>Soweit ein Teilnehmer einen Gewinn erzielt, wird ihm dies per E-Mail mitgeteilt. Die Mitteilung erfolgt auf Grundlage der vom Teilnehmer angegebenen Daten sowie per Bekanntgabe \u00fcber die Social-Media Kan\u00e4le von PURE Energy Getr\u00e4nke GmbH sowie deren Messepartner\/Gewinnspielpartner\/Gewinnspielverloser. Der Teilnehmer ist dann alleiniger Inhaber des erzielten Gewinns.<\/p>\n<p>&nbsp;<\/p>\n<ul>\n<li><strong> 6 &#8211; Leistungsende \/ Widerruf <\/strong><\/li>\n<\/ul>\n<p>Die Teilnahme an diesem Gewinnspiel endet automatisch mit der Ziehung oder sp\u00e4testens am 31.03.2020.<\/p>\n<p><strong>Au\u00dferdem hat der Teilnehmer das Recht, die Teilnahme jederzeit ohne Angabe von Gr\u00fcnden in Textform (z.B. Brief, Email) zu widerrufen. Zur Wahrung der Frist gen\u00fcgt die rechtzeitige Absendung des Widerrufs an: PURE Energy Getr\u00e4nke GmbH, Abt. Kundenbetreuung, Am Weidenbroich 5, 42897 Remscheid, Email: <\/strong><strong><u>Widerruf@PURE-Drink.com<\/u><\/strong><strong>.<\/strong><\/p>\n<p>&nbsp;<\/p>\n<ul>\n<li><strong> 7 &#8211; Haftung<\/strong><\/li>\n<\/ul>\n<p>Die PURE Energy Getr\u00e4nke GmbH haftet nicht f\u00fcr Sch\u00e4den aus der Beeintr\u00e4chtigung der Verf\u00fcgbarkeit der Internetseite von PURE bei nicht beeinflussbaren technischen St\u00f6rungen und Ereignissen h\u00f6herer Gewalt, sowie Angriffen Dritter gegen das System des Gewinnspiel-Services PURE. Die PURE Energy Getr\u00e4nke GmbH wird jedoch alles unternehmen, um die Zuverl\u00e4ssigkeit und Funktionsf\u00e4higkeit vom Gewinnspiel sicherzustellen. Jedoch kann die PURE Energy Getr\u00e4nke GmbH keine Garantie daf\u00fcr \u00fcbernehmen, dass die Internetseite von PURE auf dem jeweiligen Teilnehmerrechner ordnungsgem\u00e4\u00df funktionsf\u00e4hig ist.<\/p>\n<p>Au\u00dferdem haftet die PURE Energy Getr\u00e4nke GmbH nicht f\u00fcr die ordnungsgem\u00e4\u00dfe Versendung der Gewinne der Messepartner\/Gewinnspielpartner\/Gewinnspielverloser an die Teilnehmer, da dies allein durch die Messepartner\/Gewinnspielpartner\/Gewinnspielverloser erfolgt.<\/p>\n<p>Vorstehende Haftungsma\u00dfst\u00e4be gelten gleichfalls f\u00fcr die mit der Durchf\u00fchrung des Gewinnspiel-Services beauftragten Mitarbeiter der PURE Energy Getr\u00e4nke GmbH.<\/p>\n<p>&nbsp;<\/p>\n<ul>\n<li><strong> 8 &#8211; Datenschutz<\/strong><\/li>\n<\/ul>\n<p>Die PURE Energy Getr\u00e4nke GmbH gew\u00e4hrt im Rahmen des Gewinnspiel-Services den gr\u00f6\u00dftm\u00f6glichen datenschutzrechtlichen Standard und beachtet alle diesbez\u00fcglich einschl\u00e4gigen gesetzlichen Bestimmungen.<\/p>\n<p>Das Konzept von PURE beinhaltet die Anmeldung des jeweiligen Teilnehmers am Gewinnspiel. Zu diesem Zweck ist es notwendig, dass jeder Teilnehmer das Anmeldeformular ordnungsgem\u00e4\u00df ausf\u00fcllt und seine Daten inhaltlich und sachlich richtig angibt. Die PURE Energy Getr\u00e4nke GmbH leitet im Rahmen des Gewinnspiel-Services die Daten des Teilnehmers direkt an den Messepartner\/Gewinnspielpartner\/Gewinnspielverloser, ausschlie\u00dflich zum Zwecke der Anmeldung bei den Gewinnspiel und Newsletter, weiter. Die PURE Energy Getr\u00e4nke GmbH \u00fcbernimmt jedoch keine Haftung f\u00fcr die Verwendung der Daten durch den Messepartner\/Gewinnspielpartner\/Gewinnspielverloser. Die PURE Energy Getr\u00e4nke GmbH wird keine personenbezogenen Daten an Dritte, au\u00dfer zum Zwecke der Anmeldung bei dem Gewinnspiel und Newsletter von PURE Energy Getr\u00e4nke GmbH und deren Messepartner\/Gewinnspielpartner\/Gewinnspielverloser, weiterleiten.<\/p>\n<p>Die PURE Energy Getr\u00e4nke GmbH speichert die personenbezogenen Daten der jeweiligen Teilnehmer ausschlie\u00dflich zum Zwecke des Betriebs des Gewinnspiel-Services und ggf. Newsletteranmeldungen von PURE Energy Getr\u00e4nke GmbH und deren Messepartner\/Gewinnspielpartner\/Gewinnspielverloser. Der Teilnehmer erkl\u00e4rt hiermit ausdr\u00fccklich sein Einverst\u00e4ndnis mit der Speicherung und \u00dcbermittlung der mitgeteilten personenbezogenen Daten zu dem oben genannten Zweck.<\/p>\n<p>Der Teilnehmer hat das Recht, diese Einwilligungserkl\u00e4rung jederzeit zu widerrufen. Der Widerruf berechtigt die PURE Energy Getr\u00e4nke GmbH zur K\u00fcndigung des Vertrages gem\u00e4\u00df obigen Bestimmungen, da hierdurch keine weitere Anmeldung durch die PURE Energy Getr\u00e4nke GmbH im Rahmen des Gewinnspiel-Services erfolgen kann.<\/p>\n<p>&nbsp;<\/p>\n<ul>\n<li><strong> 9 &#8211; \u00c4nderung der Teilnahmebedingungen \/ Wirksamkeit<\/strong><\/li>\n<\/ul>\n<p>Die PURE Energy Getr\u00e4nke GmbH beh\u00e4lt sich das Recht vor, diese Teilnahmebedingungen jederzeit zu \u00e4ndern, wenn insbesondere eine \u00c4nderung auf Grund zwingender gesetzlicher Vorschriften erforderlich wird. Die \u00c4nderungen dieser Teilnahmebedingungen werden dem Teilnehmer per Email bekannt gegeben. Die \u00c4nderung wird im Verh\u00e4ltnis zum Teilnehmer wirksam, sofern dieser nicht innerhalb eines Monats nach dem Zugang der \u00c4nderung durch Versendung einer Email an <u>Info@PURE-Drink.com<\/u> oder auf dem Postweg an die PURE Energy Getr\u00e4nke GmbH, Abt. Kundenbetreuung, Am Weidenbroich 5, 42897 Remscheid Widerspruch erhebt. In Falle eines Widerspruches gelten die bisherigen Teilnahmebedingungen fort, mit der Ma\u00dfgabe, dass an die Stelle der auf Grund zwingender gesetzlicher Vorschriften unwirksamen Klauseln die jeweils gesetzliche Regelung tritt. Auf das Widerspruchsrecht und die Folgen eines unterlassenen Widerspruchs wird der Teilnehmer bei \u00c4nderung der Teilnahmebedingungen durch die PURE Energy Getr\u00e4nke GmbH gesondert hingewiesen.<\/p>\n<p>Diese Teilnahmebedingungen entsprechen dem Stand vom 28.11.2019<\/p>\n<p>Sollten einzelne Bestimmungen dieser Teilnahmebedingungen unwirksam sein oder eine Regelungsl\u00fccke bestehen, ber\u00fchrt dies die Wirksamkeit der \u00fcbrigen Bestimmungen nicht.<\/p>\n<p>&nbsp;<\/p>\n<ul>\n<li><strong> 10 &#8211; Anwendbares Recht<\/strong><\/li>\n<\/ul>\n<p>F\u00fcr die vertraglichen Beziehungen der Parteien gilt deutsches Recht.[\/vc_column_text][\/vc_column][\/vc_row]\n<\/div>","protected":false},"excerpt":{"rendered":"<p>[vc_row css_animation=&#8220;&#8220; row_type=&#8220;row&#8220; use_row_as_full_screen_section=&#8220;no&#8220; type=&#8220;full_width&#8220; angled_section=&#8220;no&#8220; text_align=&#8220;left&#8220; background_image_as_pattern=&#8220;without_pattern&#8220;][vc_column][vc_column_text] Teilnahmebedingungen Gewinnspiel Motorshow Essen 2019 &nbsp; 1 &#8211; Geltungsbereich Die nachfolgenden Teilnahmebedingungen in der zum Vertragsschluss geltenden aktuellen Fassung sind die Grundlage der Gesch\u00e4ftsbeziehung zwischen dem Teilnehmer auf der Motorshow in Essen 2019 und der PURE Energy&#8230;<\/p>\n","protected":false},"author":1,"featured_media":0,"parent":0,"menu_order":0,"comment_status":"closed","ping_status":"closed","template":"","meta":{"_exactmetrics_skip_tracking":false,"_exactmetrics_sitenote_active":false,"_exactmetrics_sitenote_note":"","_exactmetrics_sitenote_category":0,"footnotes":""},"class_list":["post-40225","page","type-page","status-publish","hentry"],"yoast_head":"<!-- This site is optimized with the Yoast SEO plugin v27.3 - https:\/\/yoast.com\/product\/yoast-seo-wordpress\/ -->\n<title>Teilnahmebedingungen - Gewinnspiel - PURE Energy Drink | GIRLS<\/title>\n<meta name=\"robots\" content=\"index, follow, max-snippet:-1, max-image-preview:large, max-video-preview:-1\" \/>\n<link rel=\"canonical\" href=\"https:\/\/www.pure-drink.com\/girls\/teilnahmebedingungen-gewinnspiel\/\" \/>\n<meta property=\"og:locale\" content=\"de_DE\" \/>\n<meta property=\"og:type\" content=\"article\" \/>\n<meta property=\"og:title\" content=\"Teilnahmebedingungen - Gewinnspiel - PURE Energy Drink | GIRLS\" \/>\n<meta property=\"og:description\" content=\"[vc_row css_animation=&#8220;&#8220; row_type=&#8220;row&#8220; use_row_as_full_screen_section=&#8220;no&#8220; type=&#8220;full_width&#8220; angled_section=&#8220;no&#8220; text_align=&#8220;left&#8220; background_image_as_pattern=&#8220;without_pattern&#8220;][vc_column][vc_column_text] Teilnahmebedingungen Gewinnspiel Motorshow Essen 2019 &nbsp; 1 &#8211; Geltungsbereich Die nachfolgenden Teilnahmebedingungen in der zum Vertragsschluss geltenden aktuellen Fassung sind die Grundlage der Gesch\u00e4ftsbeziehung zwischen dem Teilnehmer auf der Motorshow in Essen 2019 und der PURE Energy...\" \/>\n<meta property=\"og:url\" content=\"https:\/\/www.pure-drink.com\/girls\/teilnahmebedingungen-gewinnspiel\/\" \/>\n<meta property=\"og:site_name\" content=\"PURE Energy Drink | GIRLS\" \/>\n<meta property=\"article:modified_time\" content=\"2020-02-29T16:56:51+00:00\" \/>\n<meta name=\"twitter:card\" content=\"summary_large_image\" \/>\n<meta name=\"twitter:label1\" content=\"Gesch\u00e4tzte Lesezeit\" \/>\n\t<meta name=\"twitter:data1\" content=\"6\u00a0Minuten\" \/>\n<script type=\"application\/ld+json\" class=\"yoast-schema-graph\">{\"@context\":\"https:\\\/\\\/schema.org\",\"@graph\":[{\"@type\":\"WebPage\",\"@id\":\"https:\\\/\\\/www.pure-drink.com\\\/girls\\\/teilnahmebedingungen-gewinnspiel\\\/\",\"url\":\"https:\\\/\\\/www.pure-drink.com\\\/girls\\\/teilnahmebedingungen-gewinnspiel\\\/\",\"name\":\"Teilnahmebedingungen - Gewinnspiel - PURE Energy Drink | GIRLS\",\"isPartOf\":{\"@id\":\"https:\\\/\\\/www.pure-drink.com\\\/girls\\\/#website\"},\"datePublished\":\"2019-10-19T12:04:53+00:00\",\"dateModified\":\"2020-02-29T16:56:51+00:00\",\"breadcrumb\":{\"@id\":\"https:\\\/\\\/www.pure-drink.com\\\/girls\\\/teilnahmebedingungen-gewinnspiel\\\/#breadcrumb\"},\"inLanguage\":\"de\",\"potentialAction\":[{\"@type\":\"ReadAction\",\"target\":[\"https:\\\/\\\/www.pure-drink.com\\\/girls\\\/teilnahmebedingungen-gewinnspiel\\\/\"]}]},{\"@type\":\"BreadcrumbList\",\"@id\":\"https:\\\/\\\/www.pure-drink.com\\\/girls\\\/teilnahmebedingungen-gewinnspiel\\\/#breadcrumb\",\"itemListElement\":[{\"@type\":\"ListItem\",\"position\":1,\"name\":\"Startseite\",\"item\":\"https:\\\/\\\/www.pure-drink.com\\\/girls\\\/\"},{\"@type\":\"ListItem\",\"position\":2,\"name\":\"Teilnahmebedingungen &#8211; Gewinnspiel\"}]},{\"@type\":\"WebSite\",\"@id\":\"https:\\\/\\\/www.pure-drink.com\\\/girls\\\/#website\",\"url\":\"https:\\\/\\\/www.pure-drink.com\\\/girls\\\/\",\"name\":\"PURE Energy Drink | GIRLS\",\"description\":\"\",\"potentialAction\":[{\"@type\":\"SearchAction\",\"target\":{\"@type\":\"EntryPoint\",\"urlTemplate\":\"https:\\\/\\\/www.pure-drink.com\\\/girls\\\/?s={search_term_string}\"},\"query-input\":{\"@type\":\"PropertyValueSpecification\",\"valueRequired\":true,\"valueName\":\"search_term_string\"}}],\"inLanguage\":\"de\"}]}<\/script>\n<!-- \/ Yoast SEO plugin. -->","yoast_head_json":{"title":"Teilnahmebedingungen - Gewinnspiel - PURE Energy Drink | GIRLS","robots":{"index":"index","follow":"follow","max-snippet":"max-snippet:-1","max-image-preview":"max-image-preview:large","max-video-preview":"max-video-preview:-1"},"canonical":"https:\/\/www.pure-drink.com\/girls\/teilnahmebedingungen-gewinnspiel\/","og_locale":"de_DE","og_type":"article","og_title":"Teilnahmebedingungen - Gewinnspiel - PURE Energy Drink | GIRLS","og_description":"[vc_row css_animation=&#8220;&#8220; row_type=&#8220;row&#8220; use_row_as_full_screen_section=&#8220;no&#8220; type=&#8220;full_width&#8220; angled_section=&#8220;no&#8220; text_align=&#8220;left&#8220; background_image_as_pattern=&#8220;without_pattern&#8220;][vc_column][vc_column_text] Teilnahmebedingungen Gewinnspiel Motorshow Essen 2019 &nbsp; 1 &#8211; Geltungsbereich Die nachfolgenden Teilnahmebedingungen in der zum Vertragsschluss geltenden aktuellen Fassung sind die Grundlage der Gesch\u00e4ftsbeziehung zwischen dem Teilnehmer auf der Motorshow in Essen 2019 und der PURE Energy...","og_url":"https:\/\/www.pure-drink.com\/girls\/teilnahmebedingungen-gewinnspiel\/","og_site_name":"PURE Energy Drink | GIRLS","article_modified_time":"2020-02-29T16:56:51+00:00","twitter_card":"summary_large_image","twitter_misc":{"Gesch\u00e4tzte Lesezeit":"6\u00a0Minuten"},"schema":{"@context":"https:\/\/schema.org","@graph":[{"@type":"WebPage","@id":"https:\/\/www.pure-drink.com\/girls\/teilnahmebedingungen-gewinnspiel\/","url":"https:\/\/www.pure-drink.com\/girls\/teilnahmebedingungen-gewinnspiel\/","name":"Teilnahmebedingungen - Gewinnspiel - PURE Energy Drink | GIRLS","isPartOf":{"@id":"https:\/\/www.pure-drink.com\/girls\/#website"},"datePublished":"2019-10-19T12:04:53+00:00","dateModified":"2020-02-29T16:56:51+00:00","breadcrumb":{"@id":"https:\/\/www.pure-drink.com\/girls\/teilnahmebedingungen-gewinnspiel\/#breadcrumb"},"inLanguage":"de","potentialAction":[{"@type":"ReadAction","target":["https:\/\/www.pure-drink.com\/girls\/teilnahmebedingungen-gewinnspiel\/"]}]},{"@type":"BreadcrumbList","@id":"https:\/\/www.pure-drink.com\/girls\/teilnahmebedingungen-gewinnspiel\/#breadcrumb","itemListElement":[{"@type":"ListItem","position":1,"name":"Startseite","item":"https:\/\/www.pure-drink.com\/girls\/"},{"@type":"ListItem","position":2,"name":"Teilnahmebedingungen &#8211; Gewinnspiel"}]},{"@type":"WebSite","@id":"https:\/\/www.pure-drink.com\/girls\/#website","url":"https:\/\/www.pure-drink.com\/girls\/","name":"PURE Energy Drink | GIRLS","description":"","potentialAction":[{"@type":"SearchAction","target":{"@type":"EntryPoint","urlTemplate":"https:\/\/www.pure-drink.com\/girls\/?s={search_term_string}"},"query-input":{"@type":"PropertyValueSpecification","valueRequired":true,"valueName":"search_term_string"}}],"inLanguage":"de"}]}},"jetpack_sharing_enabled":true,"_links":{"self":[{"href":"https:\/\/www.pure-drink.com\/girls\/wp-json\/wp\/v2\/pages\/40225","targetHints":{"allow":["GET"]}}],"collection":[{"href":"https:\/\/www.pure-drink.com\/girls\/wp-json\/wp\/v2\/pages"}],"about":[{"href":"https:\/\/www.pure-drink.com\/girls\/wp-json\/wp\/v2\/types\/page"}],"author":[{"embeddable":true,"href":"https:\/\/www.pure-drink.com\/girls\/wp-json\/wp\/v2\/users\/1"}],"replies":[{"embeddable":true,"href":"https:\/\/www.pure-drink.com\/girls\/wp-json\/wp\/v2\/comments?post=40225"}],"version-history":[{"count":0,"href":"https:\/\/www.pure-drink.com\/girls\/wp-json\/wp\/v2\/pages\/40225\/revisions"}],"wp:attachment":[{"href":"https:\/\/www.pure-drink.com\/girls\/wp-json\/wp\/v2\/media?parent=40225"}],"curies":[{"name":"wp","href":"https:\/\/api.w.org\/{rel}","templated":true}]}}