{"id":31524,"date":"2019-06-28T09:31:07","date_gmt":"2019-06-28T06:31:07","guid":{"rendered":"https:\/\/www.pure-drink.com\/gr\/?page_id=31524"},"modified":"2020-03-11T13:18:26","modified_gmt":"2020-03-11T11:18:26","slug":"dealer","status":"publish","type":"page","link":"https:\/\/www.pure-drink.com\/gr\/dealer\/","title":{"rendered":"\u00c9mporos"},"content":{"rendered":"<div class=\"wpb-content-wrapper\">[vc_row row_type=&#8221;row&#8221; use_row_as_full_screen_section=&#8221;no&#8221; type=&#8221;full_width&#8221; angled_section=&#8221;no&#8221; text_align=&#8221;left&#8221; background_image_as_pattern=&#8221;without_pattern&#8221; css_animation=&#8221;&#8221;][vc_column][vc_column_text]<style>\r\n\t#wpsl-stores .wpsl-store-thumb {height:45px !important; width:45px !important;}\r\n\t#wpsl-stores, #wpsl-direction-details, #wpsl-gmap {height:720px !important;}\r\n\t#wpsl-gmap .wpsl-info-window {max-width:150px !important;}\r\n\t.wpsl-input label, #wpsl-radius label, #wpsl-category label {width:95px;}\r\n\t#wpsl-search-input  {width:120px;}\r\n<\/style>\r\n<div id=\"wpsl-wrap\">\r\n\t<div class=\"wpsl-search wpsl-clearfix \">\r\n\t\t<div id=\"wpsl-search-wrap\">\r\n\t\t\t<form autocomplete=\"off\">\r\n\t\t\t<div class=\"wpsl-input\">\r\n\t\t\t\t<div><label for=\"wpsl-search-input\">Your Location<\/label><\/div>\r\n\t\t\t\t<input id=\"wpsl-search-input\" type=\"text\" value=\"\" name=\"wpsl-search-input\" placeholder=\"\" aria-required=\"true\" \/>\r\n\t\t\t<\/div>\r\n\t\t\t<div class=\"wpsl-select-wrap\">\r\n\t\t\t\t<div id=\"wpsl-radius\">\r\n\t\t\t\t\t<label for=\"wpsl-radius-dropdown\">Search Radius<\/label>\r\n\t\t\t\t\t<select id=\"wpsl-radius-dropdown\" class=\"wpsl-dropdown\" name=\"wpsl-radius\">\r\n\t\t\t\t\t\t<option value=\"10\">10 km<\/option><option value=\"25\">25 km<\/option><option value=\"50\">50 km<\/option><option value=\"75\">75 km<\/option><option value=\"100\">100 km<\/option><option value=\"250\">250 km<\/option><option selected=\"selected\" value=\"500\">500 km<\/option><option value=\"1000\">1000 km<\/option><option value=\"2000\">2000 km<\/option><option value=\"5000\">5000 km<\/option><option value=\"10000\">10000 km<\/option>\r\n\t\t\t\t\t<\/select>\r\n\t\t\t\t<\/div>\r\n\t\t\t\t<div id=\"wpsl-results\">\r\n\t\t\t\t\t<label for=\"wpsl-results-dropdown\">Results<\/label>\r\n\t\t\t\t\t<select id=\"wpsl-results-dropdown\" class=\"wpsl-dropdown\" name=\"wpsl-results\">\r\n\t\t\t\t\t\t<option value=\"25\">25<\/option><option value=\"50\">50<\/option><option value=\"75\">75<\/option><option value=\"100\">100<\/option><option value=\"250\">250<\/option><option selected=\"selected\" value=\"500\">500<\/option>\r\n\t\t\t\t\t<\/select>\r\n\t\t\t\t<\/div>\r\n\t\t\t<\/div>\r\n\t\t\t\t<div class=\"wpsl-search-btn-wrap\"><input id=\"wpsl-search-btn\" type=\"submit\" value=\"Search\"><\/div>\r\n\t\t<\/form>\r\n\t\t<\/div>\r\n\t<\/div>\r\n\t<div id=\"wpsl-gmap\" class=\"wpsl-gmap-canvas\"><\/div>\r\n\t<div id=\"wpsl-result-list\">\r\n\t\t<div id=\"wpsl-stores\" >\r\n\t\t\t<ul><\/ul>\r\n\t\t<\/div>\r\n\t\t<div id=\"wpsl-direction-details\">\r\n\t\t\t<ul><\/ul>\r\n\t\t<\/div>\r\n\t<\/div>\r\n<\/div>\r\n[\/vc_column_text][\/vc_column][\/vc_row]\n<\/div>","protected":false},"excerpt":{"rendered":"<p>[vc_row row_type=&#8221;row&#8221; use_row_as_full_screen_section=&#8221;no&#8221; type=&#8221;full_width&#8221; angled_section=&#8221;no&#8221; text_align=&#8221;left&#8221; background_image_as_pattern=&#8221;without_pattern&#8221; css_animation=&#8221;&#8221;][vc_column][vc_column_text][\/vc_column_text][\/vc_column][\/vc_row]<\/p>\n","protected":false},"author":1,"featured_media":0,"parent":0,"menu_order":0,"comment_status":"closed","ping_status":"closed","template":"full_width.php","meta":{"_exactmetrics_skip_tracking":false,"_exactmetrics_sitenote_active":false,"_exactmetrics_sitenote_note":"","_exactmetrics_sitenote_category":0,"footnotes":""},"class_list":["post-31524","page","type-page","status-publish","hentry"],"yoast_head":"<!-- This site is optimized with the Yoast SEO plugin v27.3 - https:\/\/yoast.com\/product\/yoast-seo-wordpress\/ -->\n<title>\u00c9mporos - PURE Energy Drink | Ellinik\u00e1<\/title>\n<meta name=\"robots\" content=\"index, follow, max-snippet:-1, max-image-preview:large, max-video-preview:-1\" \/>\n<link rel=\"canonical\" href=\"https:\/\/www.pure-drink.com\/gr\/dealer\/\" \/>\n<meta property=\"og:locale\" content=\"el_GR\" \/>\n<meta property=\"og:type\" content=\"article\" \/>\n<meta property=\"og:title\" content=\"\u00c9mporos - PURE Energy Drink | Ellinik\u00e1\" \/>\n<meta property=\"og:description\" content=\"[vc_row row_type=&#8221;row&#8221; use_row_as_full_screen_section=&#8221;no&#8221; type=&#8221;full_width&#8221; angled_section=&#8221;no&#8221; text_align=&#8221;left&#8221; background_image_as_pattern=&#8221;without_pattern&#8221; css_animation=&#8221;&#8221;][vc_column][vc_column_text][\/vc_column_text][\/vc_column][\/vc_row]\" \/>\n<meta property=\"og:url\" content=\"https:\/\/www.pure-drink.com\/gr\/dealer\/\" \/>\n<meta property=\"og:site_name\" content=\"PURE Energy Drink | Ellinik\u00e1\" \/>\n<meta property=\"article:publisher\" content=\"https:\/\/www.facebook.com\/PURE.DRINK.GREECE\/\" \/>\n<meta property=\"article:modified_time\" content=\"2020-03-11T11:18:26+00:00\" \/>\n<meta name=\"twitter:card\" content=\"summary_large_image\" \/>\n<script type=\"application\/ld+json\" class=\"yoast-schema-graph\">{\"@context\":\"https:\\\/\\\/schema.org\",\"@graph\":[{\"@type\":\"WebPage\",\"@id\":\"https:\\\/\\\/www.pure-drink.com\\\/gr\\\/dealer\\\/\",\"url\":\"https:\\\/\\\/www.pure-drink.com\\\/gr\\\/dealer\\\/\",\"name\":\"\u00c9mporos - PURE Energy Drink | Ellinik\u00e1\",\"isPartOf\":{\"@id\":\"https:\\\/\\\/www.pure-drink.com\\\/gr\\\/#website\"},\"datePublished\":\"2019-06-28T06:31:07+00:00\",\"dateModified\":\"2020-03-11T11:18:26+00:00\",\"breadcrumb\":{\"@id\":\"https:\\\/\\\/www.pure-drink.com\\\/gr\\\/dealer\\\/#breadcrumb\"},\"inLanguage\":\"el\",\"potentialAction\":[{\"@type\":\"ReadAction\",\"target\":[\"https:\\\/\\\/www.pure-drink.com\\\/gr\\\/dealer\\\/\"]}]},{\"@type\":\"BreadcrumbList\",\"@id\":\"https:\\\/\\\/www.pure-drink.com\\\/gr\\\/dealer\\\/#breadcrumb\",\"itemListElement\":[{\"@type\":\"ListItem\",\"position\":1,\"name\":\"Startseite\",\"item\":\"https:\\\/\\\/www.pure-drink.com\\\/gr\\\/\"},{\"@type\":\"ListItem\",\"position\":2,\"name\":\"\u00c9mporos\"}]},{\"@type\":\"WebSite\",\"@id\":\"https:\\\/\\\/www.pure-drink.com\\\/gr\\\/#website\",\"url\":\"https:\\\/\\\/www.pure-drink.com\\\/gr\\\/\",\"name\":\"PURE Energy Drink | Ellinik\u00e1\",\"description\":\"To pentak\u00e1tharo energeiak\u00f3 pot\u00f3\",\"publisher\":{\"@id\":\"https:\\\/\\\/www.pure-drink.com\\\/gr\\\/#organization\"},\"potentialAction\":[{\"@type\":\"SearchAction\",\"target\":{\"@type\":\"EntryPoint\",\"urlTemplate\":\"https:\\\/\\\/www.pure-drink.com\\\/gr\\\/?s={search_term_string}\"},\"query-input\":{\"@type\":\"PropertyValueSpecification\",\"valueRequired\":true,\"valueName\":\"search_term_string\"}}],\"inLanguage\":\"el\"},{\"@type\":\"Organization\",\"@id\":\"https:\\\/\\\/www.pure-drink.com\\\/gr\\\/#organization\",\"name\":\"PURE Energy Drink - Greece\",\"url\":\"https:\\\/\\\/www.pure-drink.com\\\/gr\\\/\",\"logo\":{\"@type\":\"ImageObject\",\"inLanguage\":\"el\",\"@id\":\"https:\\\/\\\/www.pure-drink.com\\\/gr\\\/#\\\/schema\\\/logo\\\/image\\\/\",\"url\":\"https:\\\/\\\/i1.wp.com\\\/www.pure-drink.com\\\/gr\\\/wp-content\\\/uploads\\\/sites\\\/14\\\/2020\\\/02\\\/Logo_PURE_Energy_web_65px.png?fit=215%2C65&ssl=1\",\"contentUrl\":\"https:\\\/\\\/i1.wp.com\\\/www.pure-drink.com\\\/gr\\\/wp-content\\\/uploads\\\/sites\\\/14\\\/2020\\\/02\\\/Logo_PURE_Energy_web_65px.png?fit=215%2C65&ssl=1\",\"width\":215,\"height\":65,\"caption\":\"PURE Energy Drink - Greece\"},\"image\":{\"@id\":\"https:\\\/\\\/www.pure-drink.com\\\/gr\\\/#\\\/schema\\\/logo\\\/image\\\/\"},\"sameAs\":[\"https:\\\/\\\/www.facebook.com\\\/PURE.DRINK.GREECE\\\/\",\"https:\\\/\\\/www.instagram.com\\\/pure_drink_greece\\\/\"]}]}<\/script>\n<!-- \/ Yoast SEO plugin. -->","yoast_head_json":{"title":"\u00c9mporos - PURE Energy Drink | Ellinik\u00e1","robots":{"index":"index","follow":"follow","max-snippet":"max-snippet:-1","max-image-preview":"max-image-preview:large","max-video-preview":"max-video-preview:-1"},"canonical":"https:\/\/www.pure-drink.com\/gr\/dealer\/","og_locale":"el_GR","og_type":"article","og_title":"\u00c9mporos - PURE Energy Drink | Ellinik\u00e1","og_description":"[vc_row row_type=&#8221;row&#8221; use_row_as_full_screen_section=&#8221;no&#8221; type=&#8221;full_width&#8221; angled_section=&#8221;no&#8221; text_align=&#8221;left&#8221; background_image_as_pattern=&#8221;without_pattern&#8221; css_animation=&#8221;&#8221;][vc_column][vc_column_text][\/vc_column_text][\/vc_column][\/vc_row]","og_url":"https:\/\/www.pure-drink.com\/gr\/dealer\/","og_site_name":"PURE Energy Drink | Ellinik\u00e1","article_publisher":"https:\/\/www.facebook.com\/PURE.DRINK.GREECE\/","article_modified_time":"2020-03-11T11:18:26+00:00","twitter_card":"summary_large_image","schema":{"@context":"https:\/\/schema.org","@graph":[{"@type":"WebPage","@id":"https:\/\/www.pure-drink.com\/gr\/dealer\/","url":"https:\/\/www.pure-drink.com\/gr\/dealer\/","name":"\u00c9mporos - PURE Energy Drink | Ellinik\u00e1","isPartOf":{"@id":"https:\/\/www.pure-drink.com\/gr\/#website"},"datePublished":"2019-06-28T06:31:07+00:00","dateModified":"2020-03-11T11:18:26+00:00","breadcrumb":{"@id":"https:\/\/www.pure-drink.com\/gr\/dealer\/#breadcrumb"},"inLanguage":"el","potentialAction":[{"@type":"ReadAction","target":["https:\/\/www.pure-drink.com\/gr\/dealer\/"]}]},{"@type":"BreadcrumbList","@id":"https:\/\/www.pure-drink.com\/gr\/dealer\/#breadcrumb","itemListElement":[{"@type":"ListItem","position":1,"name":"Startseite","item":"https:\/\/www.pure-drink.com\/gr\/"},{"@type":"ListItem","position":2,"name":"\u00c9mporos"}]},{"@type":"WebSite","@id":"https:\/\/www.pure-drink.com\/gr\/#website","url":"https:\/\/www.pure-drink.com\/gr\/","name":"PURE Energy Drink | Ellinik\u00e1","description":"To pentak\u00e1tharo energeiak\u00f3 pot\u00f3","publisher":{"@id":"https:\/\/www.pure-drink.com\/gr\/#organization"},"potentialAction":[{"@type":"SearchAction","target":{"@type":"EntryPoint","urlTemplate":"https:\/\/www.pure-drink.com\/gr\/?s={search_term_string}"},"query-input":{"@type":"PropertyValueSpecification","valueRequired":true,"valueName":"search_term_string"}}],"inLanguage":"el"},{"@type":"Organization","@id":"https:\/\/www.pure-drink.com\/gr\/#organization","name":"PURE Energy Drink - Greece","url":"https:\/\/www.pure-drink.com\/gr\/","logo":{"@type":"ImageObject","inLanguage":"el","@id":"https:\/\/www.pure-drink.com\/gr\/#\/schema\/logo\/image\/","url":"https:\/\/i1.wp.com\/www.pure-drink.com\/gr\/wp-content\/uploads\/sites\/14\/2020\/02\/Logo_PURE_Energy_web_65px.png?fit=215%2C65&ssl=1","contentUrl":"https:\/\/i1.wp.com\/www.pure-drink.com\/gr\/wp-content\/uploads\/sites\/14\/2020\/02\/Logo_PURE_Energy_web_65px.png?fit=215%2C65&ssl=1","width":215,"height":65,"caption":"PURE Energy Drink - Greece"},"image":{"@id":"https:\/\/www.pure-drink.com\/gr\/#\/schema\/logo\/image\/"},"sameAs":["https:\/\/www.facebook.com\/PURE.DRINK.GREECE\/","https:\/\/www.instagram.com\/pure_drink_greece\/"]}]}},"jetpack_sharing_enabled":true,"_links":{"self":[{"href":"https:\/\/www.pure-drink.com\/gr\/wp-json\/wp\/v2\/pages\/31524","targetHints":{"allow":["GET"]}}],"collection":[{"href":"https:\/\/www.pure-drink.com\/gr\/wp-json\/wp\/v2\/pages"}],"about":[{"href":"https:\/\/www.pure-drink.com\/gr\/wp-json\/wp\/v2\/types\/page"}],"author":[{"embeddable":true,"href":"https:\/\/www.pure-drink.com\/gr\/wp-json\/wp\/v2\/users\/1"}],"replies":[{"embeddable":true,"href":"https:\/\/www.pure-drink.com\/gr\/wp-json\/wp\/v2\/comments?post=31524"}],"version-history":[{"count":0,"href":"https:\/\/www.pure-drink.com\/gr\/wp-json\/wp\/v2\/pages\/31524\/revisions"}],"wp:attachment":[{"href":"https:\/\/www.pure-drink.com\/gr\/wp-json\/wp\/v2\/media?parent=31524"}],"curies":[{"name":"wp","href":"https:\/\/api.w.org\/{rel}","templated":true}]}}