{"id":48343,"date":"2020-03-11T13:26:23","date_gmt":"2020-03-11T11:26:23","guid":{"rendered":"https:\/\/www.pure-drink.com\/gr\/cookie-richtlinie-eu\/"},"modified":"2023-06-10T18:20:23","modified_gmt":"2023-06-10T15:20:23","slug":"cookies","status":"publish","type":"page","link":"https:\/\/www.pure-drink.com\/gr\/cookies\/","title":{"rendered":"Cookies"},"content":{"rendered":"[cmplz-document type=&#8221;cookie-statement&#8221; region=&#8221;eu&#8221;]\n","protected":false},"excerpt":{"rendered":"<p>[cmplz-document type=&#8221;cookie-statement&#8221; region=&#8221;eu&#8221;]<\/p>\n","protected":false},"author":1,"featured_media":0,"parent":0,"menu_order":0,"comment_status":"closed","ping_status":"closed","template":"","meta":{"_exactmetrics_skip_tracking":false,"_exactmetrics_sitenote_active":false,"_exactmetrics_sitenote_note":"","_exactmetrics_sitenote_category":0,"footnotes":""},"class_list":["post-48343","page","type-page","status-publish","hentry"],"yoast_head":"<!-- This site is optimized with the Yoast SEO plugin v27.3 - https:\/\/yoast.com\/product\/yoast-seo-wordpress\/ -->\n<title>Cookies - PURE Energy Drink | Ellinik\u00e1<\/title>\n<meta name=\"robots\" content=\"index, follow, max-snippet:-1, max-image-preview:large, max-video-preview:-1\" \/>\n<link rel=\"canonical\" href=\"https:\/\/www.pure-drink.com\/gr\/cookies\/\" \/>\n<meta property=\"og:locale\" content=\"el_GR\" \/>\n<meta property=\"og:type\" content=\"article\" \/>\n<meta property=\"og:title\" content=\"Cookies - PURE Energy Drink | Ellinik\u00e1\" \/>\n<meta property=\"og:description\" content=\"[cmplz-document type=&#8221;cookie-statement&#8221; region=&#8221;eu&#8221;]\" \/>\n<meta property=\"og:url\" content=\"https:\/\/www.pure-drink.com\/gr\/cookies\/\" \/>\n<meta property=\"og:site_name\" content=\"PURE Energy Drink | Ellinik\u00e1\" \/>\n<meta property=\"article:publisher\" content=\"https:\/\/www.facebook.com\/PURE.DRINK.GREECE\/\" \/>\n<meta property=\"article:modified_time\" content=\"2023-06-10T15:20:23+00:00\" \/>\n<meta name=\"twitter:card\" content=\"summary_large_image\" \/>\n<script type=\"application\/ld+json\" class=\"yoast-schema-graph\">{\"@context\":\"https:\\\/\\\/schema.org\",\"@graph\":[{\"@type\":\"WebPage\",\"@id\":\"https:\\\/\\\/www.pure-drink.com\\\/gr\\\/cookies\\\/\",\"url\":\"https:\\\/\\\/www.pure-drink.com\\\/gr\\\/cookies\\\/\",\"name\":\"Cookies - PURE Energy Drink | Ellinik\u00e1\",\"isPartOf\":{\"@id\":\"https:\\\/\\\/www.pure-drink.com\\\/gr\\\/#website\"},\"datePublished\":\"2020-03-11T11:26:23+00:00\",\"dateModified\":\"2023-06-10T15:20:23+00:00\",\"breadcrumb\":{\"@id\":\"https:\\\/\\\/www.pure-drink.com\\\/gr\\\/cookies\\\/#breadcrumb\"},\"inLanguage\":\"el\",\"potentialAction\":[{\"@type\":\"ReadAction\",\"target\":[\"https:\\\/\\\/www.pure-drink.com\\\/gr\\\/cookies\\\/\"]}]},{\"@type\":\"BreadcrumbList\",\"@id\":\"https:\\\/\\\/www.pure-drink.com\\\/gr\\\/cookies\\\/#breadcrumb\",\"itemListElement\":[{\"@type\":\"ListItem\",\"position\":1,\"name\":\"Startseite\",\"item\":\"https:\\\/\\\/www.pure-drink.com\\\/gr\\\/\"},{\"@type\":\"ListItem\",\"position\":2,\"name\":\"Cookies\"}]},{\"@type\":\"WebSite\",\"@id\":\"https:\\\/\\\/www.pure-drink.com\\\/gr\\\/#website\",\"url\":\"https:\\\/\\\/www.pure-drink.com\\\/gr\\\/\",\"name\":\"PURE Energy Drink | Ellinik\u00e1\",\"description\":\"To pentak\u00e1tharo energeiak\u00f3 pot\u00f3\",\"publisher\":{\"@id\":\"https:\\\/\\\/www.pure-drink.com\\\/gr\\\/#organization\"},\"potentialAction\":[{\"@type\":\"SearchAction\",\"target\":{\"@type\":\"EntryPoint\",\"urlTemplate\":\"https:\\\/\\\/www.pure-drink.com\\\/gr\\\/?s={search_term_string}\"},\"query-input\":{\"@type\":\"PropertyValueSpecification\",\"valueRequired\":true,\"valueName\":\"search_term_string\"}}],\"inLanguage\":\"el\"},{\"@type\":\"Organization\",\"@id\":\"https:\\\/\\\/www.pure-drink.com\\\/gr\\\/#organization\",\"name\":\"PURE Energy Drink - Greece\",\"url\":\"https:\\\/\\\/www.pure-drink.com\\\/gr\\\/\",\"logo\":{\"@type\":\"ImageObject\",\"inLanguage\":\"el\",\"@id\":\"https:\\\/\\\/www.pure-drink.com\\\/gr\\\/#\\\/schema\\\/logo\\\/image\\\/\",\"url\":\"https:\\\/\\\/i1.wp.com\\\/www.pure-drink.com\\\/gr\\\/wp-content\\\/uploads\\\/sites\\\/14\\\/2020\\\/02\\\/Logo_PURE_Energy_web_65px.png?fit=215%2C65&ssl=1\",\"contentUrl\":\"https:\\\/\\\/i1.wp.com\\\/www.pure-drink.com\\\/gr\\\/wp-content\\\/uploads\\\/sites\\\/14\\\/2020\\\/02\\\/Logo_PURE_Energy_web_65px.png?fit=215%2C65&ssl=1\",\"width\":215,\"height\":65,\"caption\":\"PURE Energy Drink - Greece\"},\"image\":{\"@id\":\"https:\\\/\\\/www.pure-drink.com\\\/gr\\\/#\\\/schema\\\/logo\\\/image\\\/\"},\"sameAs\":[\"https:\\\/\\\/www.facebook.com\\\/PURE.DRINK.GREECE\\\/\",\"https:\\\/\\\/www.instagram.com\\\/pure_drink_greece\\\/\"]}]}<\/script>\n<!-- \/ Yoast SEO plugin. -->","yoast_head_json":{"title":"Cookies - PURE Energy Drink | Ellinik\u00e1","robots":{"index":"index","follow":"follow","max-snippet":"max-snippet:-1","max-image-preview":"max-image-preview:large","max-video-preview":"max-video-preview:-1"},"canonical":"https:\/\/www.pure-drink.com\/gr\/cookies\/","og_locale":"el_GR","og_type":"article","og_title":"Cookies - PURE Energy Drink | Ellinik\u00e1","og_description":"[cmplz-document type=&#8221;cookie-statement&#8221; region=&#8221;eu&#8221;]","og_url":"https:\/\/www.pure-drink.com\/gr\/cookies\/","og_site_name":"PURE Energy Drink | Ellinik\u00e1","article_publisher":"https:\/\/www.facebook.com\/PURE.DRINK.GREECE\/","article_modified_time":"2023-06-10T15:20:23+00:00","twitter_card":"summary_large_image","schema":{"@context":"https:\/\/schema.org","@graph":[{"@type":"WebPage","@id":"https:\/\/www.pure-drink.com\/gr\/cookies\/","url":"https:\/\/www.pure-drink.com\/gr\/cookies\/","name":"Cookies - PURE Energy Drink | Ellinik\u00e1","isPartOf":{"@id":"https:\/\/www.pure-drink.com\/gr\/#website"},"datePublished":"2020-03-11T11:26:23+00:00","dateModified":"2023-06-10T15:20:23+00:00","breadcrumb":{"@id":"https:\/\/www.pure-drink.com\/gr\/cookies\/#breadcrumb"},"inLanguage":"el","potentialAction":[{"@type":"ReadAction","target":["https:\/\/www.pure-drink.com\/gr\/cookies\/"]}]},{"@type":"BreadcrumbList","@id":"https:\/\/www.pure-drink.com\/gr\/cookies\/#breadcrumb","itemListElement":[{"@type":"ListItem","position":1,"name":"Startseite","item":"https:\/\/www.pure-drink.com\/gr\/"},{"@type":"ListItem","position":2,"name":"Cookies"}]},{"@type":"WebSite","@id":"https:\/\/www.pure-drink.com\/gr\/#website","url":"https:\/\/www.pure-drink.com\/gr\/","name":"PURE Energy Drink | Ellinik\u00e1","description":"To pentak\u00e1tharo energeiak\u00f3 pot\u00f3","publisher":{"@id":"https:\/\/www.pure-drink.com\/gr\/#organization"},"potentialAction":[{"@type":"SearchAction","target":{"@type":"EntryPoint","urlTemplate":"https:\/\/www.pure-drink.com\/gr\/?s={search_term_string}"},"query-input":{"@type":"PropertyValueSpecification","valueRequired":true,"valueName":"search_term_string"}}],"inLanguage":"el"},{"@type":"Organization","@id":"https:\/\/www.pure-drink.com\/gr\/#organization","name":"PURE Energy Drink - Greece","url":"https:\/\/www.pure-drink.com\/gr\/","logo":{"@type":"ImageObject","inLanguage":"el","@id":"https:\/\/www.pure-drink.com\/gr\/#\/schema\/logo\/image\/","url":"https:\/\/i1.wp.com\/www.pure-drink.com\/gr\/wp-content\/uploads\/sites\/14\/2020\/02\/Logo_PURE_Energy_web_65px.png?fit=215%2C65&ssl=1","contentUrl":"https:\/\/i1.wp.com\/www.pure-drink.com\/gr\/wp-content\/uploads\/sites\/14\/2020\/02\/Logo_PURE_Energy_web_65px.png?fit=215%2C65&ssl=1","width":215,"height":65,"caption":"PURE Energy Drink - Greece"},"image":{"@id":"https:\/\/www.pure-drink.com\/gr\/#\/schema\/logo\/image\/"},"sameAs":["https:\/\/www.facebook.com\/PURE.DRINK.GREECE\/","https:\/\/www.instagram.com\/pure_drink_greece\/"]}]}},"jetpack_sharing_enabled":true,"_links":{"self":[{"href":"https:\/\/www.pure-drink.com\/gr\/wp-json\/wp\/v2\/pages\/48343","targetHints":{"allow":["GET"]}}],"collection":[{"href":"https:\/\/www.pure-drink.com\/gr\/wp-json\/wp\/v2\/pages"}],"about":[{"href":"https:\/\/www.pure-drink.com\/gr\/wp-json\/wp\/v2\/types\/page"}],"author":[{"embeddable":true,"href":"https:\/\/www.pure-drink.com\/gr\/wp-json\/wp\/v2\/users\/1"}],"replies":[{"embeddable":true,"href":"https:\/\/www.pure-drink.com\/gr\/wp-json\/wp\/v2\/comments?post=48343"}],"version-history":[{"count":1,"href":"https:\/\/www.pure-drink.com\/gr\/wp-json\/wp\/v2\/pages\/48343\/revisions"}],"predecessor-version":[{"id":48576,"href":"https:\/\/www.pure-drink.com\/gr\/wp-json\/wp\/v2\/pages\/48343\/revisions\/48576"}],"wp:attachment":[{"href":"https:\/\/www.pure-drink.com\/gr\/wp-json\/wp\/v2\/media?parent=48343"}],"curies":[{"name":"wp","href":"https:\/\/api.w.org\/{rel}","templated":true}]}}