{"id":15756,"date":"2014-05-09T07:10:30","date_gmt":"2014-05-09T05:10:30","guid":{"rendered":"http:\/\/demo.qodeinteractive.com\/bridge4\/?page_id=15756"},"modified":"2021-10-02T11:04:35","modified_gmt":"2021-10-02T09:04:35","slug":"about-pure-energy-drink","status":"publish","type":"page","link":"https:\/\/www.pure-drink.com\/hu\/about-pure-energy-drink\/","title":{"rendered":"PURE Energy Drink"},"content":{"rendered":"<div class=\"wpb-content-wrapper\">[vc_row css_animation=&#8221;&#8221; row_type=&#8221;row&#8221; use_row_as_full_screen_section=&#8221;no&#8221; type=&#8221;grid&#8221; angled_section=&#8221;no&#8221; text_align=&#8221;left&#8221; background_image_as_pattern=&#8221;without_pattern&#8221; padding_top=&#8221;82&#8243; padding_bottom=&#8221;0&#8243; anchor=&#8221;portfolio&#8221; background_color=&#8221;#ffffff&#8221;][vc_column width=&#8221;1\/2&#8243;][vc_column_text]\n<h2 style=\"text-align: left;\">Long story short.<\/h2>\n[\/vc_column_text][vc_separator type=&#8221;transparent&#8221; down=&#8221;0&#8243; up=&#8221;20&#8243;][vc_column_text]\n<p style=\"text-align: left;\">It all started with an idea, which turned into a concept and lead to the accomplishment of our recipe in the laboratory. Guided by our love for details, our passion for the product and our branch competence the development of a new brand started: PURE Energy\u00ae.<\/p>\n<p style=\"text-align: left;\">Assumptions have been made, that the market for energy drinks is a highly competing one and that new providers will have severe struggles to stay competitive in this market. That&#8217;s true, almost.<\/p>\n<p style=\"text-align: left;\">We offer much more than just an ordinary energy drink. In that way we managed to achieve a stable position in the supposedly oversaturated market within the last years.<\/p>\n<p style=\"text-align: left;\">Day by day endurance, honesty and a clearly defined brand structure, combined with our product&#8217;s special flavor, support us in expanding not only nationally but also on an international level. This makes us indispensable for our global partners.<\/p>\n[\/vc_column_text][vc_separator type=&#8221;transparent&#8221; down=&#8221;0&#8243; up=&#8221;28&#8243;][vc_row_inner row_type=&#8221;row&#8221; type=&#8221;full_width&#8221; text_align=&#8221;left&#8221; css_animation=&#8221;&#8221;][vc_column_inner]<a  itemprop=\"url\" href=\"http:\/\/contact\" target=\"_self\"  class=\"qbutton  default\" style=\"\">CONTACT US!<\/a>[\/vc_column_inner][\/vc_row_inner][vc_separator type=&#8221;transparent&#8221; up=&#8221;99&#8243; down=&#8221;0&#8243;][\/vc_column][vc_column width=&#8221;1\/2&#8243;][vc_separator type=&#8221;transparent&#8221; up=&#8221;5&#8243; down=&#8221;0&#8243;]<div class='q_progress_bar'><h3 class='progress_title_holder clearfix' style=''><span class='progress_title'><span>Innovative<\/span><\/span><span class='progress_number' style='font-weight: 700;'><span>0<\/span>%<\/span><\/h3><div class='progress_content_outer' style='height: 20px;'><div data-percentage='100' class='progress_content' style='height: 20px;'><\/div><\/div><\/div>[vc_separator type=&#8221;transparent&#8221; up=&#8221;3&#8243; down=&#8221;0&#8243;]<div class='q_progress_bar'><h3 class='progress_title_holder clearfix' style=''><span class='progress_title'><span>Customer &amp; partner oriented<\/span><\/span><span class='progress_number' style='font-weight: 700;'><span>0<\/span>%<\/span><\/h3><div class='progress_content_outer' style='height: 20px;'><div data-percentage='100' class='progress_content' style='height: 20px;'><\/div><\/div><\/div>[vc_separator type=&#8221;transparent&#8221; up=&#8221;3&#8243; down=&#8221;0&#8243;]<div class='q_progress_bar'><h3 class='progress_title_holder clearfix' style=''><span class='progress_title'><span>Up to Date with new Products<\/span><\/span><span class='progress_number' style='font-weight: 700;'><span>0<\/span>%<\/span><\/h3><div class='progress_content_outer' style='height: 20px;'><div data-percentage='100' class='progress_content' style='height: 20px;'><\/div><\/div><\/div>[vc_separator type=&#8221;transparent&#8221; up=&#8221;3&#8243; down=&#8221;0&#8243;]<div class='q_progress_bar'><h3 class='progress_title_holder clearfix' style=''><span class='progress_title'><span>0% like the others<\/span><\/span><span class='progress_number' style='font-weight: 700;'><span>0<\/span>%<\/span><\/h3><div class='progress_content_outer' style='height: 20px;'><div data-percentage='0' class='progress_content' style='height: 20px;'><\/div><\/div><\/div>[vc_separator type=&#8221;transparent&#8221; up=&#8221;99&#8243; down=&#8221;0&#8243;][\/vc_column][\/vc_row][vc_row css_animation=&#8221;&#8221; row_type=&#8221;row&#8221; use_row_as_full_screen_section=&#8221;no&#8221; type=&#8221;grid&#8221; angled_section=&#8221;no&#8221; text_align=&#8221;left&#8221; background_image_as_pattern=&#8221;without_pattern&#8221; background_color=&#8221;#202020&#8243;][vc_column][vc_row_inner row_type=&#8221;row&#8221; type=&#8221;full_width&#8221; text_align=&#8221;center&#8221; css_animation=&#8221;&#8221; padding=&#8221;5&#8243;][vc_column_inner][vc_separator type=&#8221;transparent&#8221; up=&#8221;50&#8243; down=&#8221;0&#8243;][vc_column_text]\n<h3 style=\"text-align: center;\"><span style=\"color: #ffffff;\">DID YOU KNOW, PURE ENERGY DRINK IS CLEAR AS WATER!<\/span><\/h3>\n[\/vc_column_text][vc_separator type=&#8221;transparent&#8221; up=&#8221;50&#8243; down=&#8221;0&#8243;][\/vc_column_inner][\/vc_row_inner][\/vc_column][\/vc_row][vc_row css_animation=&#8221;&#8221; row_type=&#8221;row&#8221; use_row_as_full_screen_section=&#8221;no&#8221; type=&#8221;grid&#8221; angled_section=&#8221;no&#8221; text_align=&#8221;left&#8221; background_image_as_pattern=&#8221;without_pattern&#8221; padding_top=&#8221;82&#8243; padding_bottom=&#8221;0&#8243; anchor=&#8221;portfolio&#8221; background_color=&#8221;#ffffff&#8221;][vc_column width=&#8221;1\/4&#8243;][vc_separator type=&#8221;transparent&#8221; up=&#8221;5&#8243; down=&#8221;0&#8243;]<div class='q_progress_bar'><h3 class='progress_title_holder clearfix' style=''><span class='progress_title'><span>Mineral Water<\/span><\/span><span class='progress_number' style='font-weight: 700;'><span>0<\/span>%<\/span><\/h3><div class='progress_content_outer' style='height: 20px;'><div data-percentage='88.2' class='progress_content' style='height: 20px;'><\/div><\/div><\/div>[vc_separator type=&#8221;transparent&#8221; up=&#8221;3&#8243; down=&#8221;0&#8243;]<div class='q_progress_bar'><h3 class='progress_title_holder clearfix' style=''><span class='progress_title'><span>Natural Sugar<\/span><\/span><span class='progress_number' style='font-weight: 700;'><span>0<\/span>%<\/span><\/h3><div class='progress_content_outer' style='height: 20px;'><div data-percentage='9.9' class='progress_content' style='height: 20px;'><\/div><\/div><\/div>[vc_separator type=&#8221;transparent&#8221; up=&#8221;3&#8243; down=&#8221;0&#8243;]<div class='q_progress_bar'><h3 class='progress_title_holder clearfix' style=''><span class='progress_title'><span>Vegan<\/span><\/span><span class='progress_number' style='font-weight: 700;'><span>0<\/span>%<\/span><\/h3><div class='progress_content_outer' style='height: 20px;'><div data-percentage='100' class='progress_content' style='height: 20px;'><\/div><\/div><\/div>[vc_separator type=&#8221;transparent&#8221; up=&#8221;3&#8243; down=&#8221;0&#8243;]<div class='q_progress_bar'><h3 class='progress_title_holder clearfix' style=''><span class='progress_title'><span>Halal<\/span><\/span><span class='progress_number' style='font-weight: 700;'><span>0<\/span>%<\/span><\/h3><div class='progress_content_outer' style='height: 20px;'><div data-percentage='100' class='progress_content' style='height: 20px;'><\/div><\/div><\/div>[vc_separator type=&#8221;transparent&#8221; up=&#8221;99&#8243; down=&#8221;0&#8243;][\/vc_column][vc_column width=&#8221;2\/4&#8243;][vc_column_text]\n<h2 style=\"text-align: left;\">PURE Energy Drink<\/h2>\n<h4>OUR RECIPE. CRYSTAL CLEAR.<\/h4>\n[\/vc_column_text][vc_separator type=&#8221;transparent&#8221; down=&#8221;0&#8243; up=&#8221;20&#8243;][vc_column_text]PURE Energy\u00ae is a crystal clear energy drink with an individual, mild flavor and cool appearance. Once experienced, it\u2019s never forgotten.<\/p>\n<p>Our recipe includes pure mineral vulcanic mountain spring water. Additionally, it&#8217;s completely free of artificial additives, containing only natural and vegan ingredients.<br \/>\nWe provide the energy needed to get through an exhausting day.<\/p>\n<p>If necessary, PURE Energy\u00ae will turn your night into day.[\/vc_column_text][vc_separator type=&#8221;transparent&#8221; down=&#8221;0&#8243; up=&#8221;28&#8243;]<a  itemprop=\"url\" href=\"http:\/\/contact\" target=\"_self\"  class=\"qbutton  default\" style=\"\">CONTACT US!<\/a>[vc_separator type=&#8221;transparent&#8221; up=&#8221;99&#8243; down=&#8221;0&#8243;][\/vc_column][vc_column width=&#8221;1\/4&#8243;][vc_single_image image=&#8221;30488&#8243; img_size=&#8221;medium&#8221; alignment=&#8221;center&#8221; qode_css_animation=&#8221;&#8221;][\/vc_column][\/vc_row][vc_row css_animation=&#8221;&#8221; row_type=&#8221;row&#8221; use_row_as_full_screen_section=&#8221;no&#8221; type=&#8221;grid&#8221; angled_section=&#8221;no&#8221; text_align=&#8221;left&#8221; background_image_as_pattern=&#8221;without_pattern&#8221; background_color=&#8221;#202020&#8243;][vc_column][vc_row_inner row_type=&#8221;row&#8221; type=&#8221;full_width&#8221; text_align=&#8221;center&#8221; css_animation=&#8221;&#8221; padding=&#8221;5&#8243;][vc_column_inner][vc_separator type=&#8221;transparent&#8221; up=&#8221;50&#8243; down=&#8221;0&#8243;][vc_column_text]\n<h3 style=\"text-align: center;\"><span style=\"color: #ffffff;\">WE ARE ALSO STRONG IN SPORT NUTRITION DRINKS!<\/span><\/h3>\n[\/vc_column_text][vc_separator type=&#8221;transparent&#8221; up=&#8221;50&#8243; down=&#8221;0&#8243;][\/vc_column_inner][\/vc_row_inner][\/vc_column][\/vc_row][vc_row css_animation=&#8221;&#8221; row_type=&#8221;row&#8221; use_row_as_full_screen_section=&#8221;no&#8221; type=&#8221;grid&#8221; angled_section=&#8221;no&#8221; text_align=&#8221;left&#8221; background_image_as_pattern=&#8221;without_pattern&#8221; padding_top=&#8221;82&#8243; padding_bottom=&#8221;0&#8243; anchor=&#8221;portfolio&#8221; background_color=&#8221;#ffffff&#8221;][vc_column width=&#8221;1\/4&#8243;][vc_separator type=&#8221;transparent&#8221; up=&#8221;5&#8243; down=&#8221;0&#8243;]<blockquote class=' with_quote_icon' style=''><i class='fa fa-quote-right' style='color: #1e73be;'><\/i><h5 class='blockquote-text' style=''>4.000mg BCAA<\/h5><\/blockquote>[vc_separator type=&#8221;transparent&#8221; down=&#8221;0&#8243; up=&#8221;28&#8243;]<blockquote class=' with_quote_icon' style=''><i class='fa fa-quote-right' style='color: #1e73be;'><\/i><h5 class='blockquote-text' style=''>500mg L-Carnitine<\/h5><\/blockquote>[vc_separator type=&#8221;transparent&#8221; up=&#8221;3&#8243; down=&#8221;0&#8243;]<blockquote class=' with_quote_icon' style=''><i class='fa fa-quote-right' style='color: #1e73be;'><\/i><h5 class='blockquote-text' style=''>2:1:1 AMINOS<\/h5><\/blockquote>[vc_separator type=&#8221;transparent&#8221; up=&#8221;3&#8243; down=&#8221;0&#8243;]<blockquote class=' with_quote_icon' style=''><i class='fa fa-quote-right' style='color: #e03b00;'><\/i><h5 class='blockquote-text' style=''>RED BERRIES FLAVOUR<\/h5><\/blockquote>[vc_separator type=&#8221;transparent&#8221; up=&#8221;99&#8243; down=&#8221;0&#8243;][\/vc_column][vc_column width=&#8221;2\/4&#8243;][vc_column_text]\n<h2 style=\"text-align: left;\">PURE SPORTS NUTRITION<\/h2>\n<h4 style=\"text-align: left;\">BCAA 2:1:1 ENERGY DRINK<\/h4>\n[\/vc_column_text][vc_separator type=&#8221;transparent&#8221; down=&#8221;0&#8243; up=&#8221;20&#8243;][vc_column_text]PURE Energy\u00ae has not just an Energy Drink in Portfolio.[\/vc_column_text][vc_separator type=&#8221;transparent&#8221; down=&#8221;0&#8243; up=&#8221;28&#8243;]<a  itemprop=\"url\" href=\"http:\/\/contact\" target=\"_self\"  class=\"qbutton  default\" style=\"\">CONTACT US!<\/a>[vc_separator type=&#8221;transparent&#8221; up=&#8221;99&#8243; down=&#8221;0&#8243;][\/vc_column][vc_column width=&#8221;1\/4&#8243;][vc_single_image image=&#8221;30488&#8243; img_size=&#8221;medium&#8221; alignment=&#8221;center&#8221; qode_css_animation=&#8221;&#8221;][\/vc_column][\/vc_row][vc_row css_animation=&#8221;&#8221; row_type=&#8221;row&#8221; use_row_as_full_screen_section=&#8221;no&#8221; type=&#8221;grid&#8221; angled_section=&#8221;no&#8221; text_align=&#8221;left&#8221; background_image_as_pattern=&#8221;without_pattern&#8221; background_color=&#8221;#202020&#8243;][vc_column][vc_row_inner row_type=&#8221;row&#8221; type=&#8221;full_width&#8221; text_align=&#8221;center&#8221; css_animation=&#8221;&#8221; padding=&#8221;5&#8243;][vc_column_inner][vc_separator type=&#8221;transparent&#8221; up=&#8221;50&#8243; down=&#8221;0&#8243;][vc_column_text]\n<h3 style=\"text-align: center;\"><span style=\"color: #ffffff;\">YOU THINKED WE HAVE JUST OUR DRINKS?<\/span><\/h3>\n[\/vc_column_text][vc_separator type=&#8221;transparent&#8221; up=&#8221;50&#8243; down=&#8221;0&#8243;][\/vc_column_inner][\/vc_row_inner][\/vc_column][\/vc_row][vc_row css_animation=&#8221;&#8221; row_type=&#8221;row&#8221; use_row_as_full_screen_section=&#8221;no&#8221; type=&#8221;grid&#8221; angled_section=&#8221;no&#8221; text_align=&#8221;left&#8221; background_image_as_pattern=&#8221;without_pattern&#8221; padding_top=&#8221;82&#8243; padding_bottom=&#8221;0&#8243; anchor=&#8221;portfolio&#8221; background_color=&#8221;#ffffff&#8221;][vc_column width=&#8221;1\/4&#8243;][vc_separator type=&#8221;transparent&#8221; up=&#8221;5&#8243; down=&#8221;0&#8243;]<blockquote class=' with_quote_icon' style=''><i class='fa fa-quote-right' style='color: #1e73be;'><\/i><h5 class='blockquote-text' style=''>0g sugar<\/h5><\/blockquote>[vc_separator type=&#8221;transparent&#8221; down=&#8221;0&#8243; up=&#8221;28&#8243;]<blockquote class=' with_quote_icon' style=''><i class='fa fa-quote-right' style='color: #1e73be;'><\/i><h5 class='blockquote-text' style=''>3g net carbs<\/h5><\/blockquote>[vc_separator type=&#8221;transparent&#8221; up=&#8221;3&#8243; down=&#8221;0&#8243;]<blockquote class=' with_quote_icon' style=''><i class='fa fa-quote-right' style='color: #1e73be;'><\/i><h5 class='blockquote-text' style=''>10g Protein<\/h5><\/blockquote>[vc_separator type=&#8221;transparent&#8221; up=&#8221;3&#8243; down=&#8221;0&#8243;]<blockquote class=' with_quote_icon' style=''><i class='fa fa-quote-right' style='color: #1e73be;'><\/i><h5 class='blockquote-text' style=''>121kcal \/ per 100g \/ serving size<\/h5><\/blockquote>[vc_separator type=&#8221;transparent&#8221; up=&#8221;99&#8243; down=&#8221;0&#8243;][\/vc_column][vc_column width=&#8221;2\/4&#8243;][vc_column_text]\n<h2 style=\"text-align: left;\">PURE SPORTS NUTRITION<\/h2>\n<h4 style=\"text-align: left;\">PROTEIN ICE CREAM BAR<\/h4>\n[\/vc_column_text][vc_separator type=&#8221;transparent&#8221; down=&#8221;0&#8243; up=&#8221;20&#8243;][vc_column_text]PURE Energy\u00ae has not just an Energy Drink in Portfolio.[\/vc_column_text][vc_separator type=&#8221;transparent&#8221; down=&#8221;0&#8243; up=&#8221;28&#8243;]<a  itemprop=\"url\" href=\"http:\/\/contact\" target=\"_self\"  class=\"qbutton  default\" style=\"\">CONTACT US!<\/a>[vc_separator type=&#8221;transparent&#8221; up=&#8221;99&#8243; down=&#8221;0&#8243;][\/vc_column][vc_column width=&#8221;1\/4&#8243;][vc_single_image image=&#8221;30488&#8243; img_size=&#8221;medium&#8221; alignment=&#8221;center&#8221; qode_css_animation=&#8221;&#8221;][\/vc_column][\/vc_row][vc_row css_animation=&#8221;&#8221; row_type=&#8221;row&#8221; use_row_as_full_screen_section=&#8221;no&#8221; type=&#8221;grid&#8221; angled_section=&#8221;no&#8221; text_align=&#8221;left&#8221; background_image_as_pattern=&#8221;without_pattern&#8221; background_color=&#8221;#202020&#8243;][vc_column][vc_row_inner row_type=&#8221;row&#8221; type=&#8221;full_width&#8221; text_align=&#8221;center&#8221; css_animation=&#8221;&#8221; padding=&#8221;5&#8243;][vc_column_inner][vc_separator type=&#8221;transparent&#8221; up=&#8221;50&#8243; down=&#8221;0&#8243;][vc_column_text]\n<h1 style=\"text-align: center;\"><span style=\"color: #ffffff;\">Don&#8217;t waste time. Take PURE Energy Drink!<\/span><\/h1>\n[\/vc_column_text][vc_separator type=&#8221;transparent&#8221; up=&#8221;50&#8243; down=&#8221;0&#8243;][\/vc_column_inner][\/vc_row_inner][vc_row_inner row_type=&#8221;row&#8221; type=&#8221;full_width&#8221; text_align=&#8221;center&#8221; css_animation=&#8221;&#8221; padding=&#8221;5&#8243; background_color=&#8221;#1e73be&#8221; css=&#8221;.vc_custom_1582992484149{padding-top: 2px !important;padding-right: 1px !important;padding-bottom: 2px !important;padding-left: 1px !important;}&#8221;][vc_column_inner][\/vc_column_inner][\/vc_row_inner][\/vc_column][\/vc_row]\n<\/div>","protected":false},"excerpt":{"rendered":"<p>[vc_row css_animation=&#8221;&#8221; row_type=&#8221;row&#8221; use_row_as_full_screen_section=&#8221;no&#8221; type=&#8221;grid&#8221; angled_section=&#8221;no&#8221; text_align=&#8221;left&#8221; background_image_as_pattern=&#8221;without_pattern&#8221; padding_top=&#8221;82&#8243; padding_bottom=&#8221;0&#8243; anchor=&#8221;portfolio&#8221; background_color=&#8221;#ffffff&#8221;][vc_column width=&#8221;1\/2&#8243;][vc_column_text] Long story short. [\/vc_column_text][vc_separator type=&#8221;transparent&#8221; down=&#8221;0&#8243; up=&#8221;20&#8243;][vc_column_text] It all started with an idea, which turned into a concept and lead to the accomplishment of our recipe in the laboratory. Guided by our&#8230;<\/p>\n","protected":false},"author":1,"featured_media":0,"parent":0,"menu_order":0,"comment_status":"closed","ping_status":"closed","template":"full_width.php","meta":{"_exactmetrics_skip_tracking":false,"_exactmetrics_sitenote_active":false,"_exactmetrics_sitenote_note":"","_exactmetrics_sitenote_category":0,"footnotes":""},"class_list":["post-15756","page","type-page","status-publish","hentry"],"yoast_head":"<!-- This site is optimized with the Yoast SEO plugin v27.3 - https:\/\/yoast.com\/product\/yoast-seo-wordpress\/ -->\n<title>PURE Energy Drink - PURE Energy Drink | HUNGARY<\/title>\n<meta name=\"robots\" content=\"index, follow, max-snippet:-1, max-image-preview:large, max-video-preview:-1\" \/>\n<link rel=\"canonical\" href=\"https:\/\/www.pure-drink.com\/hu\/about-pure-energy-drink\/\" \/>\n<meta property=\"og:locale\" content=\"hu_HU\" \/>\n<meta property=\"og:type\" content=\"article\" \/>\n<meta property=\"og:title\" content=\"PURE Energy Drink - PURE Energy Drink | HUNGARY\" \/>\n<meta property=\"og:description\" content=\"[vc_row css_animation=&#8221;&#8221; row_type=&#8221;row&#8221; use_row_as_full_screen_section=&#8221;no&#8221; type=&#8221;grid&#8221; angled_section=&#8221;no&#8221; text_align=&#8221;left&#8221; background_image_as_pattern=&#8221;without_pattern&#8221; padding_top=&#8221;82&#8243; padding_bottom=&#8221;0&#8243; anchor=&#8221;portfolio&#8221; background_color=&#8221;#ffffff&#8221;][vc_column width=&#8221;1\/2&#8243;][vc_column_text] Long story short. [\/vc_column_text][vc_separator type=&#8221;transparent&#8221; down=&#8221;0&#8243; up=&#8221;20&#8243;][vc_column_text] It all started with an idea, which turned into a concept and lead to the accomplishment of our recipe in the laboratory. Guided by our...\" \/>\n<meta property=\"og:url\" content=\"https:\/\/www.pure-drink.com\/hu\/about-pure-energy-drink\/\" \/>\n<meta property=\"og:site_name\" content=\"PURE Energy Drink | HUNGARY\" \/>\n<meta property=\"article:modified_time\" content=\"2021-10-02T09:04:35+00:00\" \/>\n<meta name=\"twitter:card\" content=\"summary_large_image\" \/>\n<meta name=\"twitter:label1\" content=\"Becs\u00fclt olvas\u00e1si id\u0151\" \/>\n\t<meta name=\"twitter:data1\" content=\"3 perc\" \/>\n<script type=\"application\/ld+json\" class=\"yoast-schema-graph\">{\"@context\":\"https:\\\/\\\/schema.org\",\"@graph\":[{\"@type\":\"WebPage\",\"@id\":\"https:\\\/\\\/www.pure-drink.com\\\/hu\\\/about-pure-energy-drink\\\/\",\"url\":\"https:\\\/\\\/www.pure-drink.com\\\/hu\\\/about-pure-energy-drink\\\/\",\"name\":\"PURE Energy Drink - PURE Energy Drink | HUNGARY\",\"isPartOf\":{\"@id\":\"https:\\\/\\\/www.pure-drink.com\\\/hu\\\/#website\"},\"datePublished\":\"2014-05-09T05:10:30+00:00\",\"dateModified\":\"2021-10-02T09:04:35+00:00\",\"breadcrumb\":{\"@id\":\"https:\\\/\\\/www.pure-drink.com\\\/hu\\\/about-pure-energy-drink\\\/#breadcrumb\"},\"inLanguage\":\"hu\",\"potentialAction\":[{\"@type\":\"ReadAction\",\"target\":[\"https:\\\/\\\/www.pure-drink.com\\\/hu\\\/about-pure-energy-drink\\\/\"]}]},{\"@type\":\"BreadcrumbList\",\"@id\":\"https:\\\/\\\/www.pure-drink.com\\\/hu\\\/about-pure-energy-drink\\\/#breadcrumb\",\"itemListElement\":[{\"@type\":\"ListItem\",\"position\":1,\"name\":\"Startseite\",\"item\":\"https:\\\/\\\/www.pure-drink.com\\\/hu\\\/\"},{\"@type\":\"ListItem\",\"position\":2,\"name\":\"PURE Energy Drink\"}]},{\"@type\":\"WebSite\",\"@id\":\"https:\\\/\\\/www.pure-drink.com\\\/hu\\\/#website\",\"url\":\"https:\\\/\\\/www.pure-drink.com\\\/hu\\\/\",\"name\":\"PURE Energy Drink | HUNGARY\",\"description\":\"\",\"potentialAction\":[{\"@type\":\"SearchAction\",\"target\":{\"@type\":\"EntryPoint\",\"urlTemplate\":\"https:\\\/\\\/www.pure-drink.com\\\/hu\\\/?s={search_term_string}\"},\"query-input\":{\"@type\":\"PropertyValueSpecification\",\"valueRequired\":true,\"valueName\":\"search_term_string\"}}],\"inLanguage\":\"hu\"}]}<\/script>\n<!-- \/ Yoast SEO plugin. -->","yoast_head_json":{"title":"PURE Energy Drink - PURE Energy Drink | HUNGARY","robots":{"index":"index","follow":"follow","max-snippet":"max-snippet:-1","max-image-preview":"max-image-preview:large","max-video-preview":"max-video-preview:-1"},"canonical":"https:\/\/www.pure-drink.com\/hu\/about-pure-energy-drink\/","og_locale":"hu_HU","og_type":"article","og_title":"PURE Energy Drink - PURE Energy Drink | HUNGARY","og_description":"[vc_row css_animation=&#8221;&#8221; row_type=&#8221;row&#8221; use_row_as_full_screen_section=&#8221;no&#8221; type=&#8221;grid&#8221; angled_section=&#8221;no&#8221; text_align=&#8221;left&#8221; background_image_as_pattern=&#8221;without_pattern&#8221; padding_top=&#8221;82&#8243; padding_bottom=&#8221;0&#8243; anchor=&#8221;portfolio&#8221; background_color=&#8221;#ffffff&#8221;][vc_column width=&#8221;1\/2&#8243;][vc_column_text] Long story short. [\/vc_column_text][vc_separator type=&#8221;transparent&#8221; down=&#8221;0&#8243; up=&#8221;20&#8243;][vc_column_text] It all started with an idea, which turned into a concept and lead to the accomplishment of our recipe in the laboratory. Guided by our...","og_url":"https:\/\/www.pure-drink.com\/hu\/about-pure-energy-drink\/","og_site_name":"PURE Energy Drink | HUNGARY","article_modified_time":"2021-10-02T09:04:35+00:00","twitter_card":"summary_large_image","twitter_misc":{"Becs\u00fclt olvas\u00e1si id\u0151":"3 perc"},"schema":{"@context":"https:\/\/schema.org","@graph":[{"@type":"WebPage","@id":"https:\/\/www.pure-drink.com\/hu\/about-pure-energy-drink\/","url":"https:\/\/www.pure-drink.com\/hu\/about-pure-energy-drink\/","name":"PURE Energy Drink - PURE Energy Drink | HUNGARY","isPartOf":{"@id":"https:\/\/www.pure-drink.com\/hu\/#website"},"datePublished":"2014-05-09T05:10:30+00:00","dateModified":"2021-10-02T09:04:35+00:00","breadcrumb":{"@id":"https:\/\/www.pure-drink.com\/hu\/about-pure-energy-drink\/#breadcrumb"},"inLanguage":"hu","potentialAction":[{"@type":"ReadAction","target":["https:\/\/www.pure-drink.com\/hu\/about-pure-energy-drink\/"]}]},{"@type":"BreadcrumbList","@id":"https:\/\/www.pure-drink.com\/hu\/about-pure-energy-drink\/#breadcrumb","itemListElement":[{"@type":"ListItem","position":1,"name":"Startseite","item":"https:\/\/www.pure-drink.com\/hu\/"},{"@type":"ListItem","position":2,"name":"PURE Energy Drink"}]},{"@type":"WebSite","@id":"https:\/\/www.pure-drink.com\/hu\/#website","url":"https:\/\/www.pure-drink.com\/hu\/","name":"PURE Energy Drink | HUNGARY","description":"","potentialAction":[{"@type":"SearchAction","target":{"@type":"EntryPoint","urlTemplate":"https:\/\/www.pure-drink.com\/hu\/?s={search_term_string}"},"query-input":{"@type":"PropertyValueSpecification","valueRequired":true,"valueName":"search_term_string"}}],"inLanguage":"hu"}]}},"jetpack_sharing_enabled":true,"_links":{"self":[{"href":"https:\/\/www.pure-drink.com\/hu\/wp-json\/wp\/v2\/pages\/15756","targetHints":{"allow":["GET"]}}],"collection":[{"href":"https:\/\/www.pure-drink.com\/hu\/wp-json\/wp\/v2\/pages"}],"about":[{"href":"https:\/\/www.pure-drink.com\/hu\/wp-json\/wp\/v2\/types\/page"}],"author":[{"embeddable":true,"href":"https:\/\/www.pure-drink.com\/hu\/wp-json\/wp\/v2\/users\/1"}],"replies":[{"embeddable":true,"href":"https:\/\/www.pure-drink.com\/hu\/wp-json\/wp\/v2\/comments?post=15756"}],"version-history":[{"count":0,"href":"https:\/\/www.pure-drink.com\/hu\/wp-json\/wp\/v2\/pages\/15756\/revisions"}],"wp:attachment":[{"href":"https:\/\/www.pure-drink.com\/hu\/wp-json\/wp\/v2\/media?parent=15756"}],"curies":[{"name":"wp","href":"https:\/\/api.w.org\/{rel}","templated":true}]}}